{"id":112,"date":"2025-07-24T18:30:13","date_gmt":"2025-07-24T18:30:13","guid":{"rendered":"https:\/\/magicsecuritytintsandstereo.com\/?page_id=112"},"modified":"2025-07-24T19:13:02","modified_gmt":"2025-07-24T19:13:02","slug":"privacy-policy-2","status":"publish","type":"page","link":"https:\/\/magicsecuritytintsandstereo.com\/es\/privacy-policy-2\/","title":{"rendered":"pol\u00edtica de privacidad"},"content":{"rendered":"<p><\/p>\n\n\n\n<p><\/p>\n\n\n\n<p class=\"has-x-large-font-size\"><strong>pol\u00edtica de privacidad<\/strong><\/p>\n\n\n\n<p class=\"is-style-info has-medium-font-size\"><strong>Fecha de entrada en vigor:<\/strong> 7\/24\/2025<br><strong>Seguridad m\u00e1gica Inc.<\/strong><br>Sur de Florida<\/p>\n\n\n\n<p class=\"is-style-info has-medium-font-size\">En <strong>Seguridad m\u00e1gica Inc.<\/strong>Valoramos su privacidad y nos comprometemos a proteger su informaci\u00f3n personal. Esta Pol\u00edtica de Privacidad describe c\u00f3mo recopilamos, usamos y protegemos su informaci\u00f3n cuando visita nuestro sitio web, nos contacta o utiliza nuestros servicios.<\/p>\n\n\n\n<hr class=\"wp-block-separator has-alpha-channel-opacity\"\/>\n\n\n\n<h2 class=\"wp-block-heading has-large-font-size\">1. Informaci\u00f3n que recopilamos<\/h2>\n\n\n\n<p>Podemos recopilar los siguientes tipos de informaci\u00f3n:<\/p>\n\n\n\n<ul class=\"wp-block-list\">\n<li class=\"has-medium-font-size\"><strong>Informaci\u00f3n personal<\/strong>:Nombre, n\u00famero de tel\u00e9fono, direcci\u00f3n de correo electr\u00f3nico, direcci\u00f3n postal (si se proporciona a trav\u00e9s de formularios de contacto o reservas de servicios).<\/li>\n\n\n\n<li><strong>Informaci\u00f3n de pago<\/strong>:Solo si compra a trav\u00e9s de nuestro sitio web (procesado de forma segura por pasarelas de pago de terceros como PayPal).<\/li>\n\n\n\n<li><strong>Informaci\u00f3n del veh\u00edculo<\/strong>:Marca, modelo y a\u00f1o (si se proporciona para fines de servicio).<\/li>\n\n\n\n<li><strong>Informaci\u00f3n t\u00e9cnica<\/strong>:Direcci\u00f3n IP, tipo de navegador, p\u00e1ginas visitadas (recopiladas a trav\u00e9s de cookies o herramientas de an\u00e1lisis como Google Analytics).<\/li>\n<\/ul>\n\n\n\n<hr class=\"wp-block-separator has-alpha-channel-opacity\"\/>\n\n\n\n<h2 class=\"wp-block-heading has-large-font-size\">2. C\u00f3mo usamos su informaci\u00f3n<\/h2>\n\n\n\n<p class=\"is-style-info\">Utilizamos la informaci\u00f3n que recopilamos para:<\/p>\n\n\n\n<ul class=\"wp-block-list\">\n<li>Programe y proporcione servicios de instalaci\u00f3n de polarizado de ventanas, est\u00e9reo y alarmas.<\/li>\n\n\n\n<li>Responder consultas y solicitudes de atenci\u00f3n al cliente<\/li>\n\n\n\n<li>Procesar pagos seguros (si corresponde)<\/li>\n\n\n\n<li>Mejorar nuestro sitio web y nuestros servicios<\/li>\n\n\n\n<li>Enviar confirmaciones de citas, actualizaciones u ofertas promocionales (solo si acepta)<\/li>\n<\/ul>\n\n\n\n<hr class=\"wp-block-separator has-alpha-channel-opacity\"\/>\n\n\n\n<h2 class=\"wp-block-heading has-large-font-size\">3. Compartir su informaci\u00f3n<\/h2>\n\n\n\n<p class=\"is-style-info\">Nosotros lo hacemos <strong>no vender ni alquilar<\/strong> su informaci\u00f3n personal a terceros.<br>Podemos compartir datos con:<\/p>\n\n\n\n<ul class=\"wp-block-list\">\n<li><strong>Proveedores de servicios<\/strong> (por ejemplo, procesadores de pagos, plataformas de an\u00e1lisis) para ayudar a operar nuestro sitio web y brindar servicios<\/li>\n\n\n\n<li><strong>Agencias policiales o gubernamentales<\/strong> cuando lo requiera la ley<\/li>\n<\/ul>\n\n\n\n<hr class=\"wp-block-separator has-alpha-channel-opacity\"\/>\n\n\n\n<h2 class=\"wp-block-heading has-large-font-size\">4. Cookies y tecnolog\u00edas de seguimiento<\/h2>\n\n\n\n<p class=\"is-style-info\">Nuestro sitio web puede utilizar cookies y tecnolog\u00edas similares para:<\/p>\n\n\n\n<ul class=\"wp-block-list\">\n<li>Analizar el tr\u00e1fico del sitio web<\/li>\n\n\n\n<li>Mejora tu experiencia de navegaci\u00f3n<br>Puede controlar la configuraci\u00f3n de cookies en las preferencias de su navegador.<\/li>\n<\/ul>\n\n\n\n<hr class=\"wp-block-separator has-alpha-channel-opacity\"\/>\n\n\n\n<h2 class=\"wp-block-heading has-large-font-size\">5. Seguridad de los datos<\/h2>\n\n\n\n<p class=\"is-style-info\">Tomamos medidas razonables para proteger su informaci\u00f3n personal, incluido alojamiento seguro, encriptaci\u00f3n SSL y acceso limitado a los datos del cliente.<\/p>\n\n\n\n<hr class=\"wp-block-separator has-alpha-channel-opacity\"\/>\n\n\n\n<h2 class=\"wp-block-heading has-large-font-size\">6. Sus derechos<\/h2>\n\n\n\n<p class=\"is-style-info\">Usted tiene derecho a:<\/p>\n\n\n\n<ul class=\"wp-block-list\">\n<li>Solicitar acceso a sus datos personales<\/li>\n\n\n\n<li>Corrija o actualice su informaci\u00f3n<\/li>\n\n\n\n<li>Darse de baja de los correos electr\u00f3nicos de marketing<\/li>\n\n\n\n<li>Solicitar la eliminaci\u00f3n de sus datos (sujeto a obligaciones legales)<\/li>\n<\/ul>\n\n\n\n<p>Para ejercer estos derechos, cont\u00e1ctenos en magicsoundandtints@gmail.com<\/p>\n\n\n\n<hr class=\"wp-block-separator has-alpha-channel-opacity\"\/>\n\n\n\n<h2 class=\"wp-block-heading has-large-font-size\">7. Enlaces de terceros<\/h2>\n\n\n\n<p class=\"is-style-info\">Nuestro sitio web puede contener enlaces a sitios de terceros (p. ej., Instagram, YouTube o proveedores). No nos responsabilizamos de las pr\u00e1cticas de privacidad ni del contenido de dichos sitios.<\/p>\n\n\n\n<hr class=\"wp-block-separator has-alpha-channel-opacity\"\/>\n\n\n\n<h2 class=\"wp-block-heading has-large-font-size\">8. Actualizaciones de esta Pol\u00edtica<\/h2>\n\n\n\n<p class=\"is-style-info\">Podemos actualizar esta Pol\u00edtica de Privacidad peri\u00f3dicamente. Las actualizaciones se publicar\u00e1n en esta p\u00e1gina con la \u00abFecha de entrada en vigor\u00bb revisada en la parte superior.<\/p>\n\n\n\n<hr class=\"wp-block-separator has-alpha-channel-opacity\"\/>\n\n\n\n<h2 class=\"wp-block-heading has-large-font-size\">9. Cont\u00e1ctenos<\/h2>\n\n\n\n<p class=\"is-style-info\">Si tiene alguna pregunta o inquietud sobre esta pol\u00edtica, comun\u00edquese con:<\/p>\n\n\n\n<p class=\"is-style-info\"><strong>Seguridad m\u00e1gica Inc.<\/strong><br>2063 NW 27th Ave, Miami, FL, 33142<br><strong>Correo electr\u00f3nico:<\/strong> magicsoundandtints@gmail.com <\/p>\n\n\n\n<p class=\"is-style-info\"><strong>Tel\u00e9fono:<\/strong> (305)639-0775<\/p>","protected":false},"excerpt":{"rendered":"<p>Privacy Policy Effective Date: 7\/24\/2025Magic Security Inc.South Florida At Magic Security Inc., we value your privacy and are committed to protecting your personal information. This Privacy Policy outlines how we collect, use, and safeguard your information when you visit our website, contact us, or use our services. 1. Information We Collect We may collect the [&hellip;]<\/p>\n","protected":false},"author":1,"featured_media":0,"parent":0,"menu_order":0,"comment_status":"closed","ping_status":"closed","template":"","meta":{"_coblocks_attr":"","_coblocks_dimensions":"","_coblocks_responsive_height":"","_coblocks_accordion_ie_support":"","footnotes":""},"class_list":["post-112","page","type-page","status-publish","hentry"],"yoast_head":"<!-- This site is optimized with the Yoast SEO plugin v27.6 - https:\/\/yoast.com\/product\/yoast-seo-wordpress\/ -->\n<title>Privacy Policy - Magic Car Security<\/title>\n<meta name=\"robots\" content=\"index, follow, max-snippet:-1, max-image-preview:large, max-video-preview:-1\" \/>\n<link rel=\"canonical\" href=\"https:\/\/magicsecuritytintsandstereo.com\/es\/privacy-policy-2\/\" \/>\n<meta property=\"og:locale\" content=\"es_ES\" \/>\n<meta property=\"og:type\" content=\"article\" \/>\n<meta property=\"og:title\" content=\"Privacy Policy - Magic Car Security\" \/>\n<meta property=\"og:description\" content=\"Privacy Policy Effective Date: 7\/24\/2025Magic Security Inc.South Florida At Magic Security Inc., we value your privacy and are committed to protecting your personal information. This Privacy Policy outlines how we collect, use, and safeguard your information when you visit our website, contact us, or use our services. 1. Information We Collect We may collect the [&hellip;]\" \/>\n<meta property=\"og:url\" content=\"https:\/\/magicsecuritytintsandstereo.com\/es\/privacy-policy-2\/\" \/>\n<meta property=\"og:site_name\" content=\"Magic Car Security\" \/>\n<meta property=\"article:modified_time\" content=\"2025-07-24T19:13:02+00:00\" \/>\n<meta name=\"twitter:card\" content=\"summary_large_image\" \/>\n<meta name=\"twitter:label1\" content=\"Tiempo de lectura\" \/>\n\t<meta name=\"twitter:data1\" content=\"2 minutos\" \/>\n<script type=\"application\/ld+json\" class=\"yoast-schema-graph\">{\"@context\":\"https:\\\/\\\/schema.org\",\"@graph\":[{\"@type\":\"WebPage\",\"@id\":\"https:\\\/\\\/magicsecuritytintsandstereo.com\\\/privacy-policy-2\\\/\",\"url\":\"https:\\\/\\\/magicsecuritytintsandstereo.com\\\/privacy-policy-2\\\/\",\"name\":\"Privacy Policy - Magic Car Security\",\"isPartOf\":{\"@id\":\"https:\\\/\\\/magicsecuritytintsandstereo.com\\\/#website\"},\"datePublished\":\"2025-07-24T18:30:13+00:00\",\"dateModified\":\"2025-07-24T19:13:02+00:00\",\"breadcrumb\":{\"@id\":\"https:\\\/\\\/magicsecuritytintsandstereo.com\\\/privacy-policy-2\\\/#breadcrumb\"},\"inLanguage\":\"es\",\"potentialAction\":[{\"@type\":\"ReadAction\",\"target\":[\"https:\\\/\\\/magicsecuritytintsandstereo.com\\\/privacy-policy-2\\\/\"]}]},{\"@type\":\"BreadcrumbList\",\"@id\":\"https:\\\/\\\/magicsecuritytintsandstereo.com\\\/privacy-policy-2\\\/#breadcrumb\",\"itemListElement\":[{\"@type\":\"ListItem\",\"position\":1,\"name\":\"Home\",\"item\":\"https:\\\/\\\/magicsecuritytintsandstereo.com\\\/\"},{\"@type\":\"ListItem\",\"position\":2,\"name\":\"Privacy Policy\"}]},{\"@type\":\"WebSite\",\"@id\":\"https:\\\/\\\/magicsecuritytintsandstereo.com\\\/#website\",\"url\":\"https:\\\/\\\/magicsecuritytintsandstereo.com\\\/\",\"name\":\"Magic Car Security\",\"description\":\"Magic Car Security refers to advanced vehicle security systems that combine features like GPS tracking, remote start, shock\\\/tilt\\\/glass break sensors, two-way communication via LCD remotes or smartphone apps, and keyless entry\\\/arming to protect against theft and unauthorized access.\",\"publisher\":{\"@id\":\"https:\\\/\\\/magicsecuritytintsandstereo.com\\\/#organization\"},\"potentialAction\":[{\"@type\":\"SearchAction\",\"target\":{\"@type\":\"EntryPoint\",\"urlTemplate\":\"https:\\\/\\\/magicsecuritytintsandstereo.com\\\/?s={search_term_string}\"},\"query-input\":{\"@type\":\"PropertyValueSpecification\",\"valueRequired\":true,\"valueName\":\"search_term_string\"}}],\"inLanguage\":\"es\"},{\"@type\":\"Organization\",\"@id\":\"https:\\\/\\\/magicsecuritytintsandstereo.com\\\/#organization\",\"name\":\"Magic Car Security\",\"url\":\"https:\\\/\\\/magicsecuritytintsandstereo.com\\\/\",\"logo\":{\"@type\":\"ImageObject\",\"inLanguage\":\"es\",\"@id\":\"https:\\\/\\\/magicsecuritytintsandstereo.com\\\/#\\\/schema\\\/logo\\\/image\\\/\",\"url\":\"https:\\\/\\\/magicsecuritytintsandstereo.com\\\/wp-content\\\/uploads\\\/2025\\\/07\\\/magicSecurityLogo3-3.png\",\"contentUrl\":\"https:\\\/\\\/magicsecuritytintsandstereo.com\\\/wp-content\\\/uploads\\\/2025\\\/07\\\/magicSecurityLogo3-3.png\",\"width\":2000,\"height\":2000,\"caption\":\"Magic Car Security\"},\"image\":{\"@id\":\"https:\\\/\\\/magicsecuritytintsandstereo.com\\\/#\\\/schema\\\/logo\\\/image\\\/\"}}]}<\/script>\n<!-- \/ Yoast SEO plugin. -->","yoast_head_json":{"title":"Privacy Policy - Magic Car Security","robots":{"index":"index","follow":"follow","max-snippet":"max-snippet:-1","max-image-preview":"max-image-preview:large","max-video-preview":"max-video-preview:-1"},"canonical":"https:\/\/magicsecuritytintsandstereo.com\/es\/privacy-policy-2\/","og_locale":"es_ES","og_type":"article","og_title":"Privacy Policy - Magic Car Security","og_description":"Privacy Policy Effective Date: 7\/24\/2025Magic Security Inc.South Florida At Magic Security Inc., we value your privacy and are committed to protecting your personal information. This Privacy Policy outlines how we collect, use, and safeguard your information when you visit our website, contact us, or use our services. 1. Information We Collect We may collect the [&hellip;]","og_url":"https:\/\/magicsecuritytintsandstereo.com\/es\/privacy-policy-2\/","og_site_name":"Magic Car Security","article_modified_time":"2025-07-24T19:13:02+00:00","twitter_card":"summary_large_image","twitter_misc":{"Tiempo de lectura":"2 minutos"},"schema":{"@context":"https:\/\/schema.org","@graph":[{"@type":"WebPage","@id":"https:\/\/magicsecuritytintsandstereo.com\/privacy-policy-2\/","url":"https:\/\/magicsecuritytintsandstereo.com\/privacy-policy-2\/","name":"Privacy Policy - Magic Car Security","isPartOf":{"@id":"https:\/\/magicsecuritytintsandstereo.com\/#website"},"datePublished":"2025-07-24T18:30:13+00:00","dateModified":"2025-07-24T19:13:02+00:00","breadcrumb":{"@id":"https:\/\/magicsecuritytintsandstereo.com\/privacy-policy-2\/#breadcrumb"},"inLanguage":"es","potentialAction":[{"@type":"ReadAction","target":["https:\/\/magicsecuritytintsandstereo.com\/privacy-policy-2\/"]}]},{"@type":"BreadcrumbList","@id":"https:\/\/magicsecuritytintsandstereo.com\/privacy-policy-2\/#breadcrumb","itemListElement":[{"@type":"ListItem","position":1,"name":"Home","item":"https:\/\/magicsecuritytintsandstereo.com\/"},{"@type":"ListItem","position":2,"name":"Privacy Policy"}]},{"@type":"WebSite","@id":"https:\/\/magicsecuritytintsandstereo.com\/#website","url":"https:\/\/magicsecuritytintsandstereo.com\/","name":"Seguridad m\u00e1gica del coche","description":"Magic Car Security se refiere a sistemas avanzados de seguridad para veh\u00edculos que combinan caracter\u00edsticas como rastreo GPS, arranque remoto, sensores de impacto, inclinaci\u00f3n y rotura de vidrios, comunicaci\u00f3n bidireccional mediante controles remotos LCD o aplicaciones para tel\u00e9fonos inteligentes y entrada y armado sin llave para proteger contra robo y acceso no autorizado.","publisher":{"@id":"https:\/\/magicsecuritytintsandstereo.com\/#organization"},"potentialAction":[{"@type":"SearchAction","target":{"@type":"EntryPoint","urlTemplate":"https:\/\/magicsecuritytintsandstereo.com\/?s={search_term_string}"},"query-input":{"@type":"PropertyValueSpecification","valueRequired":true,"valueName":"search_term_string"}}],"inLanguage":"es"},{"@type":"Organization","@id":"https:\/\/magicsecuritytintsandstereo.com\/#organization","name":"Seguridad m\u00e1gica del coche","url":"https:\/\/magicsecuritytintsandstereo.com\/","logo":{"@type":"ImageObject","inLanguage":"es","@id":"https:\/\/magicsecuritytintsandstereo.com\/#\/schema\/logo\/image\/","url":"https:\/\/magicsecuritytintsandstereo.com\/wp-content\/uploads\/2025\/07\/magicSecurityLogo3-3.png","contentUrl":"https:\/\/magicsecuritytintsandstereo.com\/wp-content\/uploads\/2025\/07\/magicSecurityLogo3-3.png","width":2000,"height":2000,"caption":"Magic Car Security"},"image":{"@id":"https:\/\/magicsecuritytintsandstereo.com\/#\/schema\/logo\/image\/"}}]}},"_links":{"self":[{"href":"https:\/\/magicsecuritytintsandstereo.com\/es\/wp-json\/wp\/v2\/pages\/112","targetHints":{"allow":["GET"]}}],"collection":[{"href":"https:\/\/magicsecuritytintsandstereo.com\/es\/wp-json\/wp\/v2\/pages"}],"about":[{"href":"https:\/\/magicsecuritytintsandstereo.com\/es\/wp-json\/wp\/v2\/types\/page"}],"author":[{"embeddable":true,"href":"https:\/\/magicsecuritytintsandstereo.com\/es\/wp-json\/wp\/v2\/users\/1"}],"replies":[{"embeddable":true,"href":"https:\/\/magicsecuritytintsandstereo.com\/es\/wp-json\/wp\/v2\/comments?post=112"}],"version-history":[{"count":6,"href":"https:\/\/magicsecuritytintsandstereo.com\/es\/wp-json\/wp\/v2\/pages\/112\/revisions"}],"predecessor-version":[{"id":133,"href":"https:\/\/magicsecuritytintsandstereo.com\/es\/wp-json\/wp\/v2\/pages\/112\/revisions\/133"}],"wp:attachment":[{"href":"https:\/\/magicsecuritytintsandstereo.com\/es\/wp-json\/wp\/v2\/media?parent=112"}],"curies":[{"name":"wp","href":"https:\/\/api.w.org\/{rel}","templated":true}]}}