{"id":313,"date":"2026-02-05T01:17:57","date_gmt":"2026-02-05T01:17:57","guid":{"rendered":"https:\/\/magicsecuritytintsandstereo.com\/terms\/"},"modified":"2026-02-05T01:17:57","modified_gmt":"2026-02-05T01:17:57","slug":"terms","status":"publish","type":"page","link":"https:\/\/magicsecuritytintsandstereo.com\/es\/terms\/","title":{"rendered":"Terms and Conditions"},"content":{"rendered":"<h2 class=\"wp-block-heading\">Terms and Conditions<\/h2>\n\n\n<p>Please read these terms and conditions carefully before using our website and services.<\/p>\n\n\n\n<h3 class=\"wp-block-heading\">1. Acceptance of Terms<\/h3>\n\n\n\n<p>By accessing and using this website, you accept and agree to be bound by the terms and provision of this agreement.<\/p>\n\n\n\n<h3 class=\"wp-block-heading\">2. Use License<\/h3>\n\n\n\n<p>Permission is granted to temporarily download one copy of the materials on this website for personal, non-commercial transitory viewing only.<\/p>\n\n\n\n<h3 class=\"wp-block-heading\">3. Disclaimer<\/h3>\n\n\n\n<p>The materials on this website are provided on an &#8220;as is&#8221; basis. We make no warranties, expressed or implied, and hereby disclaim and negate all other warranties including, without limitation, implied warranties or conditions of merchantability, fitness for a particular purpose, or non-infringement of intellectual property or other violation of rights.<\/p>\n\n\n\n<h3 class=\"wp-block-heading\">4. Limitations<\/h3>\n\n\n\n<p>In no event shall we or our suppliers be liable for any damages (including, without limitation, damages for loss of data or profit, or due to business interruption) arising out of the use or inability to use the materials on this website.<\/p>\n\n\n\n<h3 class=\"wp-block-heading\">5. Revisions<\/h3>\n\n\n\n<p>We may revise these terms of service at any time without notice. By using this website you are agreeing to be bound by the then current version of these terms of service.<\/p>\n\n\n\n<h3 class=\"wp-block-heading\">6. Contact Information<\/h3>\n\n\n\n<p>If you have any questions about these Terms and Conditions, please contact us.<\/p>","protected":false},"excerpt":{"rendered":"<p>Terms and Conditions Please read these terms and conditions carefully before using our website and services. 1. Acceptance of Terms By accessing and using this website, you accept and agree to be bound by the terms and provision of this agreement. 2. Use License Permission is granted to temporarily download one copy of the materials [&hellip;]<\/p>\n","protected":false},"author":1,"featured_media":0,"parent":0,"menu_order":0,"comment_status":"closed","ping_status":"closed","template":"","meta":{"_coblocks_attr":"","_coblocks_dimensions":"","_coblocks_responsive_height":"","_coblocks_accordion_ie_support":"","footnotes":""},"class_list":["post-313","page","type-page","status-publish","hentry"],"yoast_head":"<!-- This site is optimized with the Yoast SEO plugin v27.6 - https:\/\/yoast.com\/product\/yoast-seo-wordpress\/ -->\n<title>Terms and Conditions - Magic Car Security<\/title>\n<meta name=\"robots\" content=\"index, follow, max-snippet:-1, max-image-preview:large, max-video-preview:-1\" \/>\n<link rel=\"canonical\" href=\"https:\/\/magicsecuritytintsandstereo.com\/es\/terms\/\" \/>\n<meta property=\"og:locale\" content=\"es_ES\" \/>\n<meta property=\"og:type\" content=\"article\" \/>\n<meta property=\"og:title\" content=\"Terms and Conditions - Magic Car Security\" \/>\n<meta property=\"og:description\" content=\"Terms and Conditions Please read these terms and conditions carefully before using our website and services. 1. Acceptance of Terms By accessing and using this website, you accept and agree to be bound by the terms and provision of this agreement. 2. Use License Permission is granted to temporarily download one copy of the materials [&hellip;]\" \/>\n<meta property=\"og:url\" content=\"https:\/\/magicsecuritytintsandstereo.com\/es\/terms\/\" \/>\n<meta property=\"og:site_name\" content=\"Magic Car Security\" \/>\n<meta name=\"twitter:card\" content=\"summary_large_image\" \/>\n<meta name=\"twitter:label1\" content=\"Tiempo de lectura\" \/>\n\t<meta name=\"twitter:data1\" content=\"1 minuto\" \/>\n<script type=\"application\/ld+json\" class=\"yoast-schema-graph\">{\"@context\":\"https:\\\/\\\/schema.org\",\"@graph\":[{\"@type\":\"WebPage\",\"@id\":\"https:\\\/\\\/magicsecuritytintsandstereo.com\\\/terms\\\/\",\"url\":\"https:\\\/\\\/magicsecuritytintsandstereo.com\\\/terms\\\/\",\"name\":\"Terms and Conditions - Magic Car Security\",\"isPartOf\":{\"@id\":\"https:\\\/\\\/magicsecuritytintsandstereo.com\\\/#website\"},\"datePublished\":\"2026-02-05T01:17:57+00:00\",\"breadcrumb\":{\"@id\":\"https:\\\/\\\/magicsecuritytintsandstereo.com\\\/terms\\\/#breadcrumb\"},\"inLanguage\":\"es\",\"potentialAction\":[{\"@type\":\"ReadAction\",\"target\":[\"https:\\\/\\\/magicsecuritytintsandstereo.com\\\/terms\\\/\"]}]},{\"@type\":\"BreadcrumbList\",\"@id\":\"https:\\\/\\\/magicsecuritytintsandstereo.com\\\/terms\\\/#breadcrumb\",\"itemListElement\":[{\"@type\":\"ListItem\",\"position\":1,\"name\":\"Home\",\"item\":\"https:\\\/\\\/magicsecuritytintsandstereo.com\\\/\"},{\"@type\":\"ListItem\",\"position\":2,\"name\":\"Terms and Conditions\"}]},{\"@type\":\"WebSite\",\"@id\":\"https:\\\/\\\/magicsecuritytintsandstereo.com\\\/#website\",\"url\":\"https:\\\/\\\/magicsecuritytintsandstereo.com\\\/\",\"name\":\"Magic Car Security\",\"description\":\"Magic Car Security refers to advanced vehicle security systems that combine features like GPS tracking, remote start, shock\\\/tilt\\\/glass break sensors, two-way communication via LCD remotes or smartphone apps, and keyless entry\\\/arming to protect against theft and unauthorized access.\",\"publisher\":{\"@id\":\"https:\\\/\\\/magicsecuritytintsandstereo.com\\\/#organization\"},\"potentialAction\":[{\"@type\":\"SearchAction\",\"target\":{\"@type\":\"EntryPoint\",\"urlTemplate\":\"https:\\\/\\\/magicsecuritytintsandstereo.com\\\/?s={search_term_string}\"},\"query-input\":{\"@type\":\"PropertyValueSpecification\",\"valueRequired\":true,\"valueName\":\"search_term_string\"}}],\"inLanguage\":\"es\"},{\"@type\":\"Organization\",\"@id\":\"https:\\\/\\\/magicsecuritytintsandstereo.com\\\/#organization\",\"name\":\"Magic Car Security\",\"url\":\"https:\\\/\\\/magicsecuritytintsandstereo.com\\\/\",\"logo\":{\"@type\":\"ImageObject\",\"inLanguage\":\"es\",\"@id\":\"https:\\\/\\\/magicsecuritytintsandstereo.com\\\/#\\\/schema\\\/logo\\\/image\\\/\",\"url\":\"https:\\\/\\\/magicsecuritytintsandstereo.com\\\/wp-content\\\/uploads\\\/2025\\\/07\\\/magicSecurityLogo3-3.png\",\"contentUrl\":\"https:\\\/\\\/magicsecuritytintsandstereo.com\\\/wp-content\\\/uploads\\\/2025\\\/07\\\/magicSecurityLogo3-3.png\",\"width\":2000,\"height\":2000,\"caption\":\"Magic Car Security\"},\"image\":{\"@id\":\"https:\\\/\\\/magicsecuritytintsandstereo.com\\\/#\\\/schema\\\/logo\\\/image\\\/\"}}]}<\/script>\n<!-- \/ Yoast SEO plugin. -->","yoast_head_json":{"title":"Terms and Conditions - Magic Car Security","robots":{"index":"index","follow":"follow","max-snippet":"max-snippet:-1","max-image-preview":"max-image-preview:large","max-video-preview":"max-video-preview:-1"},"canonical":"https:\/\/magicsecuritytintsandstereo.com\/es\/terms\/","og_locale":"es_ES","og_type":"article","og_title":"Terms and Conditions - Magic Car Security","og_description":"Terms and Conditions Please read these terms and conditions carefully before using our website and services. 1. Acceptance of Terms By accessing and using this website, you accept and agree to be bound by the terms and provision of this agreement. 2. Use License Permission is granted to temporarily download one copy of the materials [&hellip;]","og_url":"https:\/\/magicsecuritytintsandstereo.com\/es\/terms\/","og_site_name":"Magic Car Security","twitter_card":"summary_large_image","twitter_misc":{"Tiempo de lectura":"1 minuto"},"schema":{"@context":"https:\/\/schema.org","@graph":[{"@type":"WebPage","@id":"https:\/\/magicsecuritytintsandstereo.com\/terms\/","url":"https:\/\/magicsecuritytintsandstereo.com\/terms\/","name":"Terms and Conditions - Magic Car Security","isPartOf":{"@id":"https:\/\/magicsecuritytintsandstereo.com\/#website"},"datePublished":"2026-02-05T01:17:57+00:00","breadcrumb":{"@id":"https:\/\/magicsecuritytintsandstereo.com\/terms\/#breadcrumb"},"inLanguage":"es","potentialAction":[{"@type":"ReadAction","target":["https:\/\/magicsecuritytintsandstereo.com\/terms\/"]}]},{"@type":"BreadcrumbList","@id":"https:\/\/magicsecuritytintsandstereo.com\/terms\/#breadcrumb","itemListElement":[{"@type":"ListItem","position":1,"name":"Home","item":"https:\/\/magicsecuritytintsandstereo.com\/"},{"@type":"ListItem","position":2,"name":"Terms and Conditions"}]},{"@type":"WebSite","@id":"https:\/\/magicsecuritytintsandstereo.com\/#website","url":"https:\/\/magicsecuritytintsandstereo.com\/","name":"Seguridad m\u00e1gica del coche","description":"Magic Car Security se refiere a sistemas avanzados de seguridad para veh\u00edculos que combinan caracter\u00edsticas como rastreo GPS, arranque remoto, sensores de impacto, inclinaci\u00f3n y rotura de vidrios, comunicaci\u00f3n bidireccional mediante controles remotos LCD o aplicaciones para tel\u00e9fonos inteligentes y entrada y armado sin llave para proteger contra robo y acceso no autorizado.","publisher":{"@id":"https:\/\/magicsecuritytintsandstereo.com\/#organization"},"potentialAction":[{"@type":"SearchAction","target":{"@type":"EntryPoint","urlTemplate":"https:\/\/magicsecuritytintsandstereo.com\/?s={search_term_string}"},"query-input":{"@type":"PropertyValueSpecification","valueRequired":true,"valueName":"search_term_string"}}],"inLanguage":"es"},{"@type":"Organization","@id":"https:\/\/magicsecuritytintsandstereo.com\/#organization","name":"Seguridad m\u00e1gica del coche","url":"https:\/\/magicsecuritytintsandstereo.com\/","logo":{"@type":"ImageObject","inLanguage":"es","@id":"https:\/\/magicsecuritytintsandstereo.com\/#\/schema\/logo\/image\/","url":"https:\/\/magicsecuritytintsandstereo.com\/wp-content\/uploads\/2025\/07\/magicSecurityLogo3-3.png","contentUrl":"https:\/\/magicsecuritytintsandstereo.com\/wp-content\/uploads\/2025\/07\/magicSecurityLogo3-3.png","width":2000,"height":2000,"caption":"Magic Car Security"},"image":{"@id":"https:\/\/magicsecuritytintsandstereo.com\/#\/schema\/logo\/image\/"}}]}},"_links":{"self":[{"href":"https:\/\/magicsecuritytintsandstereo.com\/es\/wp-json\/wp\/v2\/pages\/313","targetHints":{"allow":["GET"]}}],"collection":[{"href":"https:\/\/magicsecuritytintsandstereo.com\/es\/wp-json\/wp\/v2\/pages"}],"about":[{"href":"https:\/\/magicsecuritytintsandstereo.com\/es\/wp-json\/wp\/v2\/types\/page"}],"author":[{"embeddable":true,"href":"https:\/\/magicsecuritytintsandstereo.com\/es\/wp-json\/wp\/v2\/users\/1"}],"replies":[{"embeddable":true,"href":"https:\/\/magicsecuritytintsandstereo.com\/es\/wp-json\/wp\/v2\/comments?post=313"}],"version-history":[{"count":0,"href":"https:\/\/magicsecuritytintsandstereo.com\/es\/wp-json\/wp\/v2\/pages\/313\/revisions"}],"wp:attachment":[{"href":"https:\/\/magicsecuritytintsandstereo.com\/es\/wp-json\/wp\/v2\/media?parent=313"}],"curies":[{"name":"wp","href":"https:\/\/api.w.org\/{rel}","templated":true}]}}