{"id":61,"date":"2025-07-24T14:24:40","date_gmt":"2025-07-24T14:24:40","guid":{"rendered":"https:\/\/magicsecuritytintsandstereo.com\/cart\/"},"modified":"2025-07-26T16:04:26","modified_gmt":"2025-07-26T16:04:26","slug":"cart","status":"publish","type":"page","link":"https:\/\/magicsecuritytintsandstereo.com\/es\/cart\/","title":{"rendered":"Cart"},"content":{"rendered":"<div data-block-name=\"woocommerce\/cart\" class=\"wp-block-woocommerce-cart alignwide is-loading\">\n<div data-block-name=\"woocommerce\/filled-cart-block\" class=\"wp-block-woocommerce-filled-cart-block\">\n<div data-block-name=\"woocommerce\/cart-items-block\" class=\"wp-block-woocommerce-cart-items-block\">\n<div data-block-name=\"woocommerce\/cart-line-items-block\" class=\"wp-block-woocommerce-cart-line-items-block\"><\/div>\n\n\n\n<div data-block-name=\"woocommerce\/cart-cross-sells-block\" class=\"wp-block-woocommerce-cart-cross-sells-block\">\n<h2 class=\"wp-block-heading has-large-font-size\">You may be interested in\u2026<\/h2>\n\n\n\n<div data-block-name=\"woocommerce\/cart-cross-sells-products-block\" class=\"wp-block-woocommerce-cart-cross-sells-products-block\"><\/div>\n<\/div>\n<\/div>\n\n\n\n<div data-block-name=\"woocommerce\/cart-totals-block\" class=\"wp-block-woocommerce-cart-totals-block\">\n<div data-block-name=\"woocommerce\/cart-order-summary-block\" class=\"wp-block-woocommerce-cart-order-summary-block\">\n<div data-block-name=\"woocommerce\/cart-order-summary-heading-block\" class=\"wp-block-woocommerce-cart-order-summary-heading-block\"><\/div><div data-block-name=\"woocommerce\/cart-order-summary-coupon-form-block\" class=\"wp-block-woocommerce-cart-order-summary-coupon-form-block\"><\/div><div data-block-name=\"woocommerce\/cart-order-summary-totals-block\" class=\"wp-block-woocommerce-cart-order-summary-totals-block\">\n<div data-block-name=\"woocommerce\/cart-order-summary-subtotal-block\" class=\"wp-block-woocommerce-cart-order-summary-subtotal-block\"><\/div>\n<div data-block-name=\"woocommerce\/cart-order-summary-discount-block\" class=\"wp-block-woocommerce-cart-order-summary-discount-block\"><\/div>\n<div data-block-name=\"woocommerce\/cart-order-summary-fee-block\" class=\"wp-block-woocommerce-cart-order-summary-fee-block\"><\/div>\n<div data-block-name=\"woocommerce\/cart-order-summary-shipping-block\" class=\"wp-block-woocommerce-cart-order-summary-shipping-block\"><\/div>\n<div data-block-name=\"woocommerce\/cart-order-summary-taxes-block\" class=\"wp-block-woocommerce-cart-order-summary-taxes-block\"><\/div><\/div>\n<\/div>\n\n\n\n<div data-block-name=\"woocommerce\/cart-express-payment-block\" class=\"wp-block-woocommerce-cart-express-payment-block\"><\/div>\n\n\n\n<div data-block-name=\"woocommerce\/proceed-to-checkout-block\" class=\"wp-block-woocommerce-proceed-to-checkout-block\"><\/div>\n\n\n\n<div data-block-name=\"woocommerce\/cart-accepted-payment-methods-block\" class=\"wp-block-woocommerce-cart-accepted-payment-methods-block\"><\/div>\n<\/div>\n<\/div>\n\n\n\n<div data-block-name=\"woocommerce\/empty-cart-block\" class=\"wp-block-woocommerce-empty-cart-block\">\n<h2 class=\"wp-block-heading has-text-align-center with-empty-cart-icon wc-block-cart__empty-cart__title\">\u00a1Tu carrito est\u00e1 vac\u00edo!<\/h2>\n\n\n\n<hr class=\"wp-block-separator has-alpha-channel-opacity is-style-dots\"\/>\n\n\n\n<h2 class=\"wp-block-heading has-text-align-center\">New in store<\/h2>\n\n\n<div data-block-name=\"woocommerce\/product-new\" data-columns=\"4\" data-rows=\"1\" class=\"wc-block-grid wp-block-product-new wp-block-woocommerce-product-new wc-block-product-new has-4-columns\"><ul class=\"wc-block-grid__products\"><li class=\"wc-block-grid__product\">\n\t\t\t\t<a href=\"https:\/\/magicsecuritytintsandstereo.com\/es\/producto\/comando-speaker-yellow-copy\/\" class=\"wc-block-grid__product-link\">\n\t\t\t\t\t\n\t\t\t\t\t<div class=\"wc-block-grid__product-image\"><img loading=\"lazy\" decoding=\"async\" width=\"300\" height=\"300\" src=\"https:\/\/magicsecuritytintsandstereo.com\/wp-content\/uploads\/2025\/07\/ComandoYelloSpeaker1-300x300.png\" class=\"attachment-woocommerce_thumbnail size-woocommerce_thumbnail\" alt=\"Comando Speaker (Yellow) (Copy)\" srcset=\"https:\/\/magicsecuritytintsandstereo.com\/wp-content\/uploads\/2025\/07\/ComandoYelloSpeaker1-300x300.png 300w, https:\/\/magicsecuritytintsandstereo.com\/wp-content\/uploads\/2025\/07\/ComandoYelloSpeaker1-100x100.png 100w, https:\/\/magicsecuritytintsandstereo.com\/wp-content\/uploads\/2025\/07\/ComandoYelloSpeaker1-150x150.png 150w\" sizes=\"auto, (max-width: 300px) 100vw, 300px\" \/><\/div>\n\t\t\t\t\t<div class=\"wc-block-grid__product-title\">Comando Speaker (Amarillo) (Copia)<\/div>\n\t\t\t\t<\/a>\n\t\t\t\t<div class=\"wc-block-grid__product-price price\"><span class=\"woocommerce-Price-amount amount\"><span class=\"woocommerce-Price-currencySymbol\">&#036;<\/span>1,000.00<\/span><\/div>\n\t\t\t\t\n\t\t\t\t<div class=\"wp-block-button wc-block-grid__product-add-to-cart\"><a href=\"https:\/\/magicsecuritytintsandstereo.myshopify.com\/products\/comando-speaker-yellow\" aria-label=\"Comprar en Shopify\" data-quantity=\"1\" data-product_id=\"185\" data-product_sku=\"\" data-price=\"1000\" rel=\"nofollow\" class=\"wp-block-button__link wp-element-button add_to_cart_button\">Comprar en Shopify<\/a><\/div>\n\t\t\t<\/li><li class=\"wc-block-grid__product\">\n\t\t\t\t<a href=\"https:\/\/magicsecuritytintsandstereo.com\/es\/producto\/comando-speaker-yellow\/\" class=\"wc-block-grid__product-link\">\n\t\t\t\t\t\n\t\t\t\t\t<div class=\"wc-block-grid__product-image\"><img loading=\"lazy\" decoding=\"async\" width=\"300\" height=\"300\" src=\"https:\/\/magicsecuritytintsandstereo.com\/wp-content\/uploads\/2025\/07\/ComandoYelloSpeaker1-300x300.png\" class=\"attachment-woocommerce_thumbnail size-woocommerce_thumbnail\" alt=\"Comando Speaker (Yellow)\" srcset=\"https:\/\/magicsecuritytintsandstereo.com\/wp-content\/uploads\/2025\/07\/ComandoYelloSpeaker1-300x300.png 300w, https:\/\/magicsecuritytintsandstereo.com\/wp-content\/uploads\/2025\/07\/ComandoYelloSpeaker1-100x100.png 100w, https:\/\/magicsecuritytintsandstereo.com\/wp-content\/uploads\/2025\/07\/ComandoYelloSpeaker1-150x150.png 150w\" sizes=\"auto, (max-width: 300px) 100vw, 300px\" \/><\/div>\n\t\t\t\t\t<div class=\"wc-block-grid__product-title\">Comando Speaker (Amarillo)<\/div>\n\t\t\t\t<\/a>\n\t\t\t\t<div class=\"wc-block-grid__product-price price\"><span class=\"woocommerce-Price-amount amount\"><span class=\"woocommerce-Price-currencySymbol\">&#036;<\/span>1,000.00<\/span><\/div>\n\t\t\t\t\n\t\t\t\t<div class=\"wp-block-button wc-block-grid__product-add-to-cart\"><a href=\"https:\/\/magicsecuritytintsandstereo.myshopify.com\/products\/comando-speaker-yellow\" aria-label=\"Comprar en Shopify\" data-quantity=\"1\" data-product_id=\"176\" data-product_sku=\"\" data-price=\"1000\" rel=\"nofollow\" class=\"wp-block-button__link wp-element-button add_to_cart_button\">Comprar en Shopify<\/a><\/div>\n\t\t\t<\/li><\/ul><\/div><\/div>\n<\/div>","protected":false},"excerpt":{"rendered":"","protected":false},"author":1,"featured_media":0,"parent":0,"menu_order":0,"comment_status":"closed","ping_status":"closed","template":"","meta":{"_coblocks_attr":"","_coblocks_dimensions":"","_coblocks_responsive_height":"","_coblocks_accordion_ie_support":"","footnotes":""},"class_list":["post-61","page","type-page","status-publish","hentry"],"yoast_head":"<!-- This site is optimized with the Yoast SEO plugin v27.6 - https:\/\/yoast.com\/product\/yoast-seo-wordpress\/ -->\n<title>Cart - Magic Car Security<\/title>\n<meta name=\"robots\" content=\"index, follow, max-snippet:-1, max-image-preview:large, max-video-preview:-1\" \/>\n<link rel=\"canonical\" href=\"https:\/\/magicsecuritytintsandstereo.com\/es\/cart\/\" \/>\n<meta property=\"og:locale\" content=\"es_ES\" \/>\n<meta property=\"og:type\" content=\"article\" \/>\n<meta property=\"og:title\" content=\"Cart - Magic Car Security\" \/>\n<meta property=\"og:url\" content=\"https:\/\/magicsecuritytintsandstereo.com\/es\/cart\/\" \/>\n<meta property=\"og:site_name\" content=\"Magic Car Security\" \/>\n<meta property=\"article:modified_time\" content=\"2025-07-26T16:04:26+00:00\" \/>\n<meta name=\"twitter:card\" content=\"summary_large_image\" \/>\n<script type=\"application\/ld+json\" class=\"yoast-schema-graph\">{\"@context\":\"https:\\\/\\\/schema.org\",\"@graph\":[{\"@type\":\"WebPage\",\"@id\":\"https:\\\/\\\/magicsecuritytintsandstereo.com\\\/cart\\\/\",\"url\":\"https:\\\/\\\/magicsecuritytintsandstereo.com\\\/cart\\\/\",\"name\":\"Cart - Magic Car Security\",\"isPartOf\":{\"@id\":\"https:\\\/\\\/magicsecuritytintsandstereo.com\\\/#website\"},\"datePublished\":\"2025-07-24T14:24:40+00:00\",\"dateModified\":\"2025-07-26T16:04:26+00:00\",\"breadcrumb\":{\"@id\":\"https:\\\/\\\/magicsecuritytintsandstereo.com\\\/cart\\\/#breadcrumb\"},\"inLanguage\":\"es\",\"potentialAction\":[{\"@type\":\"ReadAction\",\"target\":[\"https:\\\/\\\/magicsecuritytintsandstereo.com\\\/cart\\\/\"]}]},{\"@type\":\"BreadcrumbList\",\"@id\":\"https:\\\/\\\/magicsecuritytintsandstereo.com\\\/cart\\\/#breadcrumb\",\"itemListElement\":[{\"@type\":\"ListItem\",\"position\":1,\"name\":\"Home\",\"item\":\"https:\\\/\\\/magicsecuritytintsandstereo.com\\\/\"},{\"@type\":\"ListItem\",\"position\":2,\"name\":\"Cart\"}]},{\"@type\":\"WebSite\",\"@id\":\"https:\\\/\\\/magicsecuritytintsandstereo.com\\\/#website\",\"url\":\"https:\\\/\\\/magicsecuritytintsandstereo.com\\\/\",\"name\":\"Magic Car Security\",\"description\":\"Magic Car Security refers to advanced vehicle security systems that combine features like GPS tracking, remote start, shock\\\/tilt\\\/glass break sensors, two-way communication via LCD remotes or smartphone apps, and keyless entry\\\/arming to protect against theft and unauthorized access.\",\"publisher\":{\"@id\":\"https:\\\/\\\/magicsecuritytintsandstereo.com\\\/#organization\"},\"potentialAction\":[{\"@type\":\"SearchAction\",\"target\":{\"@type\":\"EntryPoint\",\"urlTemplate\":\"https:\\\/\\\/magicsecuritytintsandstereo.com\\\/?s={search_term_string}\"},\"query-input\":{\"@type\":\"PropertyValueSpecification\",\"valueRequired\":true,\"valueName\":\"search_term_string\"}}],\"inLanguage\":\"es\"},{\"@type\":\"Organization\",\"@id\":\"https:\\\/\\\/magicsecuritytintsandstereo.com\\\/#organization\",\"name\":\"Magic Car Security\",\"url\":\"https:\\\/\\\/magicsecuritytintsandstereo.com\\\/\",\"logo\":{\"@type\":\"ImageObject\",\"inLanguage\":\"es\",\"@id\":\"https:\\\/\\\/magicsecuritytintsandstereo.com\\\/#\\\/schema\\\/logo\\\/image\\\/\",\"url\":\"https:\\\/\\\/magicsecuritytintsandstereo.com\\\/wp-content\\\/uploads\\\/2025\\\/07\\\/magicSecurityLogo3-3.png\",\"contentUrl\":\"https:\\\/\\\/magicsecuritytintsandstereo.com\\\/wp-content\\\/uploads\\\/2025\\\/07\\\/magicSecurityLogo3-3.png\",\"width\":2000,\"height\":2000,\"caption\":\"Magic Car Security\"},\"image\":{\"@id\":\"https:\\\/\\\/magicsecuritytintsandstereo.com\\\/#\\\/schema\\\/logo\\\/image\\\/\"}}]}<\/script>\n<!-- \/ Yoast SEO plugin. -->","yoast_head_json":{"title":"Cart - Magic Car Security","robots":{"index":"index","follow":"follow","max-snippet":"max-snippet:-1","max-image-preview":"max-image-preview:large","max-video-preview":"max-video-preview:-1"},"canonical":"https:\/\/magicsecuritytintsandstereo.com\/es\/cart\/","og_locale":"es_ES","og_type":"article","og_title":"Cart - Magic Car Security","og_url":"https:\/\/magicsecuritytintsandstereo.com\/es\/cart\/","og_site_name":"Magic Car Security","article_modified_time":"2025-07-26T16:04:26+00:00","twitter_card":"summary_large_image","schema":{"@context":"https:\/\/schema.org","@graph":[{"@type":"WebPage","@id":"https:\/\/magicsecuritytintsandstereo.com\/cart\/","url":"https:\/\/magicsecuritytintsandstereo.com\/cart\/","name":"Cart - Magic Car Security","isPartOf":{"@id":"https:\/\/magicsecuritytintsandstereo.com\/#website"},"datePublished":"2025-07-24T14:24:40+00:00","dateModified":"2025-07-26T16:04:26+00:00","breadcrumb":{"@id":"https:\/\/magicsecuritytintsandstereo.com\/cart\/#breadcrumb"},"inLanguage":"es","potentialAction":[{"@type":"ReadAction","target":["https:\/\/magicsecuritytintsandstereo.com\/cart\/"]}]},{"@type":"BreadcrumbList","@id":"https:\/\/magicsecuritytintsandstereo.com\/cart\/#breadcrumb","itemListElement":[{"@type":"ListItem","position":1,"name":"Home","item":"https:\/\/magicsecuritytintsandstereo.com\/"},{"@type":"ListItem","position":2,"name":"Cart"}]},{"@type":"WebSite","@id":"https:\/\/magicsecuritytintsandstereo.com\/#website","url":"https:\/\/magicsecuritytintsandstereo.com\/","name":"Seguridad m\u00e1gica del coche","description":"Magic Car Security se refiere a sistemas avanzados de seguridad para veh\u00edculos que combinan caracter\u00edsticas como rastreo GPS, arranque remoto, sensores de impacto, inclinaci\u00f3n y rotura de vidrios, comunicaci\u00f3n bidireccional mediante controles remotos LCD o aplicaciones para tel\u00e9fonos inteligentes y entrada y armado sin llave para proteger contra robo y acceso no autorizado.","publisher":{"@id":"https:\/\/magicsecuritytintsandstereo.com\/#organization"},"potentialAction":[{"@type":"SearchAction","target":{"@type":"EntryPoint","urlTemplate":"https:\/\/magicsecuritytintsandstereo.com\/?s={search_term_string}"},"query-input":{"@type":"PropertyValueSpecification","valueRequired":true,"valueName":"search_term_string"}}],"inLanguage":"es"},{"@type":"Organization","@id":"https:\/\/magicsecuritytintsandstereo.com\/#organization","name":"Seguridad m\u00e1gica del coche","url":"https:\/\/magicsecuritytintsandstereo.com\/","logo":{"@type":"ImageObject","inLanguage":"es","@id":"https:\/\/magicsecuritytintsandstereo.com\/#\/schema\/logo\/image\/","url":"https:\/\/magicsecuritytintsandstereo.com\/wp-content\/uploads\/2025\/07\/magicSecurityLogo3-3.png","contentUrl":"https:\/\/magicsecuritytintsandstereo.com\/wp-content\/uploads\/2025\/07\/magicSecurityLogo3-3.png","width":2000,"height":2000,"caption":"Magic Car Security"},"image":{"@id":"https:\/\/magicsecuritytintsandstereo.com\/#\/schema\/logo\/image\/"}}]}},"_links":{"self":[{"href":"https:\/\/magicsecuritytintsandstereo.com\/es\/wp-json\/wp\/v2\/pages\/61","targetHints":{"allow":["GET"]}}],"collection":[{"href":"https:\/\/magicsecuritytintsandstereo.com\/es\/wp-json\/wp\/v2\/pages"}],"about":[{"href":"https:\/\/magicsecuritytintsandstereo.com\/es\/wp-json\/wp\/v2\/types\/page"}],"author":[{"embeddable":true,"href":"https:\/\/magicsecuritytintsandstereo.com\/es\/wp-json\/wp\/v2\/users\/1"}],"replies":[{"embeddable":true,"href":"https:\/\/magicsecuritytintsandstereo.com\/es\/wp-json\/wp\/v2\/comments?post=61"}],"version-history":[{"count":1,"href":"https:\/\/magicsecuritytintsandstereo.com\/es\/wp-json\/wp\/v2\/pages\/61\/revisions"}],"predecessor-version":[{"id":178,"href":"https:\/\/magicsecuritytintsandstereo.com\/es\/wp-json\/wp\/v2\/pages\/61\/revisions\/178"}],"wp:attachment":[{"href":"https:\/\/magicsecuritytintsandstereo.com\/es\/wp-json\/wp\/v2\/media?parent=61"}],"curies":[{"name":"wp","href":"https:\/\/api.w.org\/{rel}","templated":true}]}}