{"id":89,"date":"2025-07-24T17:14:07","date_gmt":"2025-07-24T17:14:07","guid":{"rendered":"https:\/\/magicsecuritytintsandstereo.com\/?page_id=89"},"modified":"2025-07-26T18:46:49","modified_gmt":"2025-07-26T18:46:49","slug":"about-us","status":"publish","type":"page","link":"https:\/\/magicsecuritytintsandstereo.com\/es\/about-us\/","title":{"rendered":"Sobre nosotros"},"content":{"rendered":"<p class=\"has-text-align-left is-style-info has-medium-font-size\">En <strong>Seguridad M\u00e1gica Inc.<\/strong>La protecci\u00f3n y el estilo de su veh\u00edculo son nuestras principales prioridades. Fundada en el sur de Florida con pasi\u00f3n por la excelencia automotriz, nos especializamos en <strong>sistemas de alarma para autom\u00f3viles de \u00faltima generaci\u00f3n<\/strong>, <strong>instalaciones est\u00e9reo personalizadas<\/strong>, y <strong>servicios premium de tintado de ventanas<\/strong>Ya sea que busque proteger su auto, mejorar su experiencia de audio o aumentar su comodidad y privacidad, lo tenemos cubierto.<\/p>\n\n\n\n<p class=\"is-style-info has-medium-font-size\">Con a\u00f1os de experiencia pr\u00e1ctica y un compromiso con la calidad, nuestros t\u00e9cnicos cualificados brindan un servicio experto con precisi\u00f3n y esmero. Nos mantenemos al d\u00eda con la tecnolog\u00eda m\u00e1s avanzada para garantizar que cada instalaci\u00f3n cumpla con los m\u00e1s altos est\u00e1ndares actuales.<\/p>\n\n\n\n<p class=\"is-style-info has-medium-font-size\"> <strong>\u00bfPor qu\u00e9 elegirnos?<\/strong><\/p>\n\n\n\n<ul class=\"wp-block-list\">\n<li class=\"has-medium-font-size\">Alarmas para autom\u00f3viles y sistemas de arranque remoto confiables y de alto rendimiento<\/li>\n\n\n\n<li class=\"has-medium-font-size\">Soluciones de audio y est\u00e9reo personalizadas y n\u00edtidas<\/li>\n\n\n\n<li class=\"has-medium-font-size\">Tinte de ventanas de calidad profesional para protecci\u00f3n UV, privacidad y estilo.<\/li>\n\n\n\n<li class=\"has-medium-font-size\">Servicio honesto, amable y precios competitivos.<\/li>\n<\/ul>\n\n\n\n<p class=\"has-medium-font-size\">En Magic Security Inc., tratamos cada veh\u00edculo como si fuera nuestro. Perm\u00edtanos ayudarle. <strong>Protege, personaliza y perfecciona tu veh\u00edculo.<\/strong> \u2014La magia est\u00e1 en los detalles.<\/p>\n\n\n\n<hr class=\"wp-block-separator has-alpha-channel-opacity is-style-dots\" style=\"margin-top:var(--wp--preset--spacing--20);margin-bottom:var(--wp--preset--spacing--20)\"\/>\n\n\n\n<p><strong>Seguridad M\u00e1gica Inc.<\/strong>. <strong><em>ph:<\/em><\/strong> <em>(305)693-0775<\/em> <\/p>\n\n\n\n<p><strong>correo electr\u00f3nico:<\/strong> <a href=\"\/es\/youremail@example.com\/\">magicsoundandtints@gmail.com<\/a><\/p>\n\n\n\n<p>2063 NW 27th Ave,<\/p>\n\n\n\n<p>Miami, Florida, 33142<\/p>\n\n\n\n<hr class=\"wp-block-separator has-text-color has-contrast-color has-alpha-channel-opacity has-contrast-background-color has-background is-style-dots\"\/>\n\n\n\n<div style=\"min-height:400px\" data-map-attr=\"\/qaddress\/q:\/q2063 NW 27th Ave, Miami FL 33142\/q||\/qlat\/q:\/qundefined\/q||\/qlng\/q:\/qundefined\/q||\/qskin\/q:\/qstandard\/q||\/qzoom\/q:\/q12\/q||\/qiconSize\/q:\/q36\/q||\/qmapTypeControl\/q:\/qtrue\/q||\/qzoomControl\/q:\/qtrue\/q||\/qstreetViewControl\/q:\/qtrue\/q||\/qfullscreenControl\/q:\/qtrue\/q\" class=\"wp-block-coblocks-map\"><iframe title=\"Mapa de Google\" frameborder=\"0\" style=\"width:100%;min-height:400px\" src=\"https:\/\/www.google.com\/maps?q=2063%20NW%2027th%20Ave%2C%20Miami%20FL%2033142&amp;output=embed&amp;hl=en-US&amp;z=12\"><\/iframe><\/div>\n\n\n<p><script async src=\"\/\/www.instagram.com\/embed.js\"><\/script><\/p>\n<blockquote class=\"instagram-media\" style=\"background: #FFF; border: 0; border-radius: 3px; box-shadow: 0 0 1px 0 rgba(0,0,0,0.5),0 1px 10px 0 rgba(0,0,0,0.15); margin: 1px; max-width: 540px; min-width: 326px; padding: 0; width: calc(100% - 2px);\" data-instgrm-captioned=\"\" data-instgrm-permalink=\"https:\/\/www.instagram.com\/reel\/DL8bs2Pv2Go\/?utm_source=ig_embed&amp;utm_campaign=loading\" data-instgrm-version=\"14\">\n<div style=\"padding: 16px;\">\n<div style=\"display: flex; flex-direction: row; align-items: center;\">\n<div style=\"background-color: #f4f4f4; border-radius: 50%; flex-grow: 0; height: 40px; margin-right: 14px; width: 40px;\">\u00a0<\/div>\n<div style=\"display: flex; flex-direction: column; flex-grow: 1; justify-content: center;\">\n<div style=\"background-color: #f4f4f4; border-radius: 4px; flex-grow: 0; height: 14px; margin-bottom: 6px; width: 100px;\">\u00a0<\/div>\n<div style=\"background-color: #f4f4f4; border-radius: 4px; flex-grow: 0; height: 14px; width: 60px;\">\u00a0<\/div>\n<\/div>\n<\/div>\n<div style=\"padding: 19% 0;\">\u00a0<\/div>\n<div style=\"display: block; height: 50px; margin: 0 auto 12px; width: 50px;\">\u00a0<\/div>\n<div style=\"padding-top: 8px;\">\n<div style=\"color: #3897f0; font-family: Arial,sans-serif; font-size: 14px; font-style: normal; font-weight: 550; line-height: 18px;\">Ver esta publicaci\u00f3n en Instagram<\/div>\n<\/div>\n<div style=\"padding: 12.5% 0;\">\u00a0<\/div>\n<div style=\"display: flex; flex-direction: row; margin-bottom: 14px; align-items: center;\">\n<div>\n<div style=\"background-color: #f4f4f4; border-radius: 50%; height: 12.5px; width: 12.5px; transform: translateX(0px) translateY(7px);\">\u00a0<\/div>\n<div style=\"background-color: #f4f4f4; height: 12.5px; transform: rotate(-45deg) translateX(3px) translateY(1px); width: 12.5px; flex-grow: 0; margin-right: 14px; margin-left: 2px;\">\u00a0<\/div>\n<div style=\"background-color: #f4f4f4; border-radius: 50%; height: 12.5px; width: 12.5px; transform: translateX(9px) translateY(-18px);\">\u00a0<\/div>\n<\/div>\n<div style=\"margin-left: 8px;\">\n<div style=\"background-color: #f4f4f4; border-radius: 50%; flex-grow: 0; height: 20px; width: 20px;\">\u00a0<\/div>\n<div style=\"width: 0; height: 0; border-top: 2px solid transparent; border-left: 6px solid #f4f4f4; border-bottom: 2px solid transparent; transform: translateX(16px) translateY(-4px) rotate(30deg);\">\u00a0<\/div>\n<\/div>\n<div style=\"margin-left: auto;\">\n<div style=\"width: 0px; border-top: 8px solid #F4F4F4; border-right: 8px solid transparent; transform: translateY(16px);\">\u00a0<\/div>\n<div style=\"background-color: #f4f4f4; flex-grow: 0; height: 12px; width: 16px; transform: translateY(-4px);\">\u00a0<\/div>\n<div style=\"width: 0; height: 0; border-top: 8px solid #F4F4F4; border-left: 8px solid transparent; transform: translateY(-4px) translateX(8px);\">\u00a0<\/div>\n<\/div>\n<\/div>\n<div style=\"display: flex; flex-direction: column; flex-grow: 1; justify-content: center; margin-bottom: 24px;\">\n<div style=\"background-color: #f4f4f4; border-radius: 4px; flex-grow: 0; height: 14px; margin-bottom: 6px; width: 224px;\">\u00a0<\/div>\n<div style=\"background-color: #f4f4f4; border-radius: 4px; flex-grow: 0; height: 14px; width: 144px;\">\u00a0<\/div>\n<\/div>\n<p style=\"color: #c9c8cd; font-family: Arial,sans-serif; font-size: 14px; line-height: 17px; margin-bottom: 0; margin-top: 8px; overflow: hidden; padding: 8px 0 7px; text-align: center; text-overflow: ellipsis; white-space: nowrap;\"><a style=\"color: #c9c8cd; font-family: Arial,sans-serif; font-size: 14px; font-style: normal; font-weight: normal; line-height: 17px; text-decoration: none;\" href=\"https:\/\/www.instagram.com\/reel\/DL8bs2Pv2Go\/?utm_source=ig_embed&amp;utm_campaign=loading\" target=\"_blank\" rel=\"noopener\">Una publicaci\u00f3n compartida por \ud83d\udea8Magic Stereo Tints &amp; Alarms\ud83d\udea8 (@magic_stereo_tints)<\/a><\/p>\n<\/div>\n<\/blockquote>\n<p><script async src=\"\/\/www.instagram.com\/embed.js\"><\/script><\/p>\n<blockquote class=\"instagram-media\" style=\"background: #FFF; border: 0; border-radius: 3px; box-shadow: 0 0 1px 0 rgba(0,0,0,0.5),0 1px 10px 0 rgba(0,0,0,0.15); margin: 1px; max-width: 540px; min-width: 326px; padding: 0; width: calc(100% - 2px);\" data-instgrm-captioned=\"\" data-instgrm-permalink=\"https:\/\/www.instagram.com\/reel\/DKMqZQ2OwWV\/?utm_source=ig_embed&amp;utm_campaign=loading\" data-instgrm-version=\"14\">\n<div style=\"padding: 16px;\">\n<div style=\"display: flex; flex-direction: row; align-items: center;\">\n<div style=\"background-color: #f4f4f4; border-radius: 50%; flex-grow: 0; height: 40px; margin-right: 14px; width: 40px;\">\u00a0<\/div>\n<div style=\"display: flex; flex-direction: column; flex-grow: 1; justify-content: center;\">\n<div style=\"background-color: #f4f4f4; border-radius: 4px; flex-grow: 0; height: 14px; margin-bottom: 6px; width: 100px;\">\u00a0<\/div>\n<div style=\"background-color: #f4f4f4; border-radius: 4px; flex-grow: 0; height: 14px; width: 60px;\">\u00a0<\/div>\n<\/div>\n<\/div>\n<div style=\"padding: 19% 0;\">\u00a0<\/div>\n<div style=\"display: block; height: 50px; margin: 0 auto 12px; width: 50px;\">\u00a0<\/div>\n<div style=\"padding-top: 8px;\">\n<div style=\"color: #3897f0; font-family: Arial,sans-serif; font-size: 14px; font-style: normal; font-weight: 550; line-height: 18px;\">Ver esta publicaci\u00f3n en Instagram<\/div>\n<\/div>\n<div style=\"padding: 12.5% 0;\">\u00a0<\/div>\n<div style=\"display: flex; flex-direction: row; margin-bottom: 14px; align-items: center;\">\n<div>\n<div style=\"background-color: #f4f4f4; border-radius: 50%; height: 12.5px; width: 12.5px; transform: translateX(0px) translateY(7px);\">\u00a0<\/div>\n<div style=\"background-color: #f4f4f4; height: 12.5px; transform: rotate(-45deg) translateX(3px) translateY(1px); width: 12.5px; flex-grow: 0; margin-right: 14px; margin-left: 2px;\">\u00a0<\/div>\n<div style=\"background-color: #f4f4f4; border-radius: 50%; height: 12.5px; width: 12.5px; transform: translateX(9px) translateY(-18px);\">\u00a0<\/div>\n<\/div>\n<div style=\"margin-left: 8px;\">\n<div style=\"background-color: #f4f4f4; border-radius: 50%; flex-grow: 0; height: 20px; width: 20px;\">\u00a0<\/div>\n<div style=\"width: 0; height: 0; border-top: 2px solid transparent; border-left: 6px solid #f4f4f4; border-bottom: 2px solid transparent; transform: translateX(16px) translateY(-4px) rotate(30deg);\">\u00a0<\/div>\n<\/div>\n<div style=\"margin-left: auto;\">\n<div style=\"width: 0px; border-top: 8px solid #F4F4F4; border-right: 8px solid transparent; transform: translateY(16px);\">\u00a0<\/div>\n<div style=\"background-color: #f4f4f4; flex-grow: 0; height: 12px; width: 16px; transform: translateY(-4px);\">\u00a0<\/div>\n<div style=\"width: 0; height: 0; border-top: 8px solid #F4F4F4; border-left: 8px solid transparent; transform: translateY(-4px) translateX(8px);\">\u00a0<\/div>\n<\/div>\n<\/div>\n<div style=\"display: flex; flex-direction: column; flex-grow: 1; justify-content: center; margin-bottom: 24px;\">\n<div style=\"background-color: #f4f4f4; border-radius: 4px; flex-grow: 0; height: 14px; margin-bottom: 6px; width: 224px;\">\u00a0<\/div>\n<div style=\"background-color: #f4f4f4; border-radius: 4px; flex-grow: 0; height: 14px; width: 144px;\">\u00a0<\/div>\n<\/div>\n<p style=\"color: #c9c8cd; font-family: Arial,sans-serif; font-size: 14px; line-height: 17px; margin-bottom: 0; margin-top: 8px; overflow: hidden; padding: 8px 0 7px; text-align: center; text-overflow: ellipsis; white-space: nowrap;\"><a style=\"color: #c9c8cd; font-family: Arial,sans-serif; font-size: 14px; font-style: normal; font-weight: normal; line-height: 17px; text-decoration: none;\" href=\"https:\/\/www.instagram.com\/reel\/DKMqZQ2OwWV\/?utm_source=ig_embed&amp;utm_campaign=loading\" target=\"_blank\" rel=\"noopener\">Una publicaci\u00f3n compartida por \ud83d\udea8Magic Stereo Tints &amp; Alarms\ud83d\udea8 (@magic_stereo_tints)<\/a><\/p>\n<\/div>\n<\/blockquote>\n<p><script async src=\"\/\/www.instagram.com\/embed.js\"><\/script><\/p>\n<blockquote class=\"instagram-media\" style=\"background: #FFF; border: 0; border-radius: 3px; box-shadow: 0 0 1px 0 rgba(0,0,0,0.5),0 1px 10px 0 rgba(0,0,0,0.15); margin: 1px; max-width: 540px; min-width: 326px; padding: 0; width: calc(100% - 2px);\" data-instgrm-captioned=\"\" data-instgrm-permalink=\"https:\/\/www.instagram.com\/reel\/DMAq3olsU-R\/?utm_source=ig_embed&amp;utm_campaign=loading\" data-instgrm-version=\"14\">\n<div style=\"padding: 16px;\">\n<div style=\"display: flex; flex-direction: row; align-items: center;\">\n<div style=\"background-color: #f4f4f4; border-radius: 50%; flex-grow: 0; height: 40px; margin-right: 14px; width: 40px;\">\u00a0<\/div>\n<div style=\"display: flex; flex-direction: column; flex-grow: 1; justify-content: center;\">\n<div style=\"background-color: #f4f4f4; border-radius: 4px; flex-grow: 0; height: 14px; margin-bottom: 6px; width: 100px;\">\u00a0<\/div>\n<div style=\"background-color: #f4f4f4; border-radius: 4px; flex-grow: 0; height: 14px; width: 60px;\">\u00a0<\/div>\n<\/div>\n<\/div>\n<div style=\"padding: 19% 0;\">\u00a0<\/div>\n<div style=\"display: block; height: 50px; margin: 0 auto 12px; width: 50px;\">\u00a0<\/div>\n<div style=\"padding-top: 8px;\">\n<div style=\"color: #3897f0; font-family: Arial,sans-serif; font-size: 14px; font-style: normal; font-weight: 550; line-height: 18px;\">Ver esta publicaci\u00f3n en Instagram<\/div>\n<\/div>\n<div style=\"padding: 12.5% 0;\">\u00a0<\/div>\n<div style=\"display: flex; flex-direction: row; margin-bottom: 14px; align-items: center;\">\n<div>\n<div style=\"background-color: #f4f4f4; border-radius: 50%; height: 12.5px; width: 12.5px; transform: translateX(0px) translateY(7px);\">\u00a0<\/div>\n<div style=\"background-color: #f4f4f4; height: 12.5px; transform: rotate(-45deg) translateX(3px) translateY(1px); width: 12.5px; flex-grow: 0; margin-right: 14px; margin-left: 2px;\">\u00a0<\/div>\n<div style=\"background-color: #f4f4f4; border-radius: 50%; height: 12.5px; width: 12.5px; transform: translateX(9px) translateY(-18px);\">\u00a0<\/div>\n<\/div>\n<div style=\"margin-left: 8px;\">\n<div style=\"background-color: #f4f4f4; border-radius: 50%; flex-grow: 0; height: 20px; width: 20px;\">\u00a0<\/div>\n<div style=\"width: 0; height: 0; border-top: 2px solid transparent; border-left: 6px solid #f4f4f4; border-bottom: 2px solid transparent; transform: translateX(16px) translateY(-4px) rotate(30deg);\">\u00a0<\/div>\n<\/div>\n<div style=\"margin-left: auto;\">\n<div style=\"width: 0px; border-top: 8px solid #F4F4F4; border-right: 8px solid transparent; transform: translateY(16px);\">\u00a0<\/div>\n<div style=\"background-color: #f4f4f4; flex-grow: 0; height: 12px; width: 16px; transform: translateY(-4px);\">\u00a0<\/div>\n<div style=\"width: 0; height: 0; border-top: 8px solid #F4F4F4; border-left: 8px solid transparent; transform: translateY(-4px) translateX(8px);\">\u00a0<\/div>\n<\/div>\n<\/div>\n<div style=\"display: flex; flex-direction: column; flex-grow: 1; justify-content: center; margin-bottom: 24px;\">\n<div style=\"background-color: #f4f4f4; border-radius: 4px; flex-grow: 0; height: 14px; margin-bottom: 6px; width: 224px;\">\u00a0<\/div>\n<div style=\"background-color: #f4f4f4; border-radius: 4px; flex-grow: 0; height: 14px; width: 144px;\">\u00a0<\/div>\n<\/div>\n<p style=\"color: #c9c8cd; font-family: Arial,sans-serif; font-size: 14px; line-height: 17px; margin-bottom: 0; margin-top: 8px; overflow: hidden; padding: 8px 0 7px; text-align: center; text-overflow: ellipsis; white-space: nowrap;\"><a style=\"color: #c9c8cd; font-family: Arial,sans-serif; font-size: 14px; font-style: normal; font-weight: normal; line-height: 17px; text-decoration: none;\" href=\"https:\/\/www.instagram.com\/reel\/DMAq3olsU-R\/?utm_source=ig_embed&amp;utm_campaign=loading\" target=\"_blank\" rel=\"noopener\">Una publicaci\u00f3n compartida por \ud83d\udea8Magic Stereo Tints &amp; Alarms\ud83d\udea8 (@magic_stereo_tints)<\/a><\/p>\n<\/div>\n<\/blockquote>","protected":false},"excerpt":{"rendered":"<p>At Magic Security Inc, your vehicle\u2019s protection and style are our top priorities. Founded in South Florida with a passion for automotive excellence, we specialize in cutting-edge car alarm systems, custom stereo installations, and premium window tinting services. Whether you&#8217;re looking to secure your car, enhance your audio experience, or improve comfort and privacy, we\u2019ve [&hellip;]<\/p>\n","protected":false},"author":1,"featured_media":74,"parent":0,"menu_order":0,"comment_status":"closed","ping_status":"closed","template":"","meta":{"_coblocks_attr":"","_coblocks_dimensions":"","_coblocks_responsive_height":"","_coblocks_accordion_ie_support":"","footnotes":""},"class_list":["post-89","page","type-page","status-publish","has-post-thumbnail","hentry"],"yoast_head":"<!-- This site is optimized with the Yoast SEO plugin v27.6 - https:\/\/yoast.com\/product\/yoast-seo-wordpress\/ -->\n<title>About us - Magic Car Security<\/title>\n<meta name=\"robots\" content=\"index, follow, max-snippet:-1, max-image-preview:large, max-video-preview:-1\" \/>\n<link rel=\"canonical\" href=\"https:\/\/magicsecuritytintsandstereo.com\/es\/about-us\/\" \/>\n<meta property=\"og:locale\" content=\"es_ES\" \/>\n<meta property=\"og:type\" content=\"article\" \/>\n<meta property=\"og:title\" content=\"About us - Magic Car Security\" \/>\n<meta property=\"og:description\" content=\"At Magic Security Inc, your vehicle\u2019s protection and style are our top priorities. Founded in South Florida with a passion for automotive excellence, we specialize in cutting-edge car alarm systems, custom stereo installations, and premium window tinting services. Whether you&#8217;re looking to secure your car, enhance your audio experience, or improve comfort and privacy, we\u2019ve [&hellip;]\" \/>\n<meta property=\"og:url\" content=\"https:\/\/magicsecuritytintsandstereo.com\/es\/about-us\/\" \/>\n<meta property=\"og:site_name\" content=\"Magic Car Security\" \/>\n<meta property=\"article:modified_time\" content=\"2025-07-26T18:46:49+00:00\" \/>\n<meta property=\"og:image\" content=\"https:\/\/magicsecuritytintsandstereo.com\/wp-content\/uploads\/2025\/07\/qtq80-0yU6Vh.jpeg\" \/>\n\t<meta property=\"og:image:width\" content=\"1316\" \/>\n\t<meta property=\"og:image:height\" content=\"797\" \/>\n\t<meta property=\"og:image:type\" content=\"image\/jpeg\" \/>\n<meta name=\"twitter:card\" content=\"summary_large_image\" \/>\n<meta name=\"twitter:label1\" content=\"Tiempo de lectura\" \/>\n\t<meta name=\"twitter:data1\" content=\"1 minuto\" \/>\n<script type=\"application\/ld+json\" class=\"yoast-schema-graph\">{\"@context\":\"https:\\\/\\\/schema.org\",\"@graph\":[{\"@type\":\"WebPage\",\"@id\":\"https:\\\/\\\/magicsecuritytintsandstereo.com\\\/about-us\\\/\",\"url\":\"https:\\\/\\\/magicsecuritytintsandstereo.com\\\/about-us\\\/\",\"name\":\"About us - Magic Car Security\",\"isPartOf\":{\"@id\":\"https:\\\/\\\/magicsecuritytintsandstereo.com\\\/#website\"},\"primaryImageOfPage\":{\"@id\":\"https:\\\/\\\/magicsecuritytintsandstereo.com\\\/about-us\\\/#primaryimage\"},\"image\":{\"@id\":\"https:\\\/\\\/magicsecuritytintsandstereo.com\\\/about-us\\\/#primaryimage\"},\"thumbnailUrl\":\"https:\\\/\\\/magicsecuritytintsandstereo.com\\\/wp-content\\\/uploads\\\/2025\\\/07\\\/qtq80-0yU6Vh.jpeg\",\"datePublished\":\"2025-07-24T17:14:07+00:00\",\"dateModified\":\"2025-07-26T18:46:49+00:00\",\"breadcrumb\":{\"@id\":\"https:\\\/\\\/magicsecuritytintsandstereo.com\\\/about-us\\\/#breadcrumb\"},\"inLanguage\":\"es\",\"potentialAction\":[{\"@type\":\"ReadAction\",\"target\":[\"https:\\\/\\\/magicsecuritytintsandstereo.com\\\/about-us\\\/\"]}]},{\"@type\":\"ImageObject\",\"inLanguage\":\"es\",\"@id\":\"https:\\\/\\\/magicsecuritytintsandstereo.com\\\/about-us\\\/#primaryimage\",\"url\":\"https:\\\/\\\/magicsecuritytintsandstereo.com\\\/wp-content\\\/uploads\\\/2025\\\/07\\\/qtq80-0yU6Vh.jpeg\",\"contentUrl\":\"https:\\\/\\\/magicsecuritytintsandstereo.com\\\/wp-content\\\/uploads\\\/2025\\\/07\\\/qtq80-0yU6Vh.jpeg\",\"width\":1316,\"height\":797},{\"@type\":\"BreadcrumbList\",\"@id\":\"https:\\\/\\\/magicsecuritytintsandstereo.com\\\/about-us\\\/#breadcrumb\",\"itemListElement\":[{\"@type\":\"ListItem\",\"position\":1,\"name\":\"Home\",\"item\":\"https:\\\/\\\/magicsecuritytintsandstereo.com\\\/\"},{\"@type\":\"ListItem\",\"position\":2,\"name\":\"About us\"}]},{\"@type\":\"WebSite\",\"@id\":\"https:\\\/\\\/magicsecuritytintsandstereo.com\\\/#website\",\"url\":\"https:\\\/\\\/magicsecuritytintsandstereo.com\\\/\",\"name\":\"Magic Car Security\",\"description\":\"Magic Car Security refers to advanced vehicle security systems that combine features like GPS tracking, remote start, shock\\\/tilt\\\/glass break sensors, two-way communication via LCD remotes or smartphone apps, and keyless entry\\\/arming to protect against theft and unauthorized access.\",\"publisher\":{\"@id\":\"https:\\\/\\\/magicsecuritytintsandstereo.com\\\/#organization\"},\"potentialAction\":[{\"@type\":\"SearchAction\",\"target\":{\"@type\":\"EntryPoint\",\"urlTemplate\":\"https:\\\/\\\/magicsecuritytintsandstereo.com\\\/?s={search_term_string}\"},\"query-input\":{\"@type\":\"PropertyValueSpecification\",\"valueRequired\":true,\"valueName\":\"search_term_string\"}}],\"inLanguage\":\"es\"},{\"@type\":\"Organization\",\"@id\":\"https:\\\/\\\/magicsecuritytintsandstereo.com\\\/#organization\",\"name\":\"Magic Car Security\",\"url\":\"https:\\\/\\\/magicsecuritytintsandstereo.com\\\/\",\"logo\":{\"@type\":\"ImageObject\",\"inLanguage\":\"es\",\"@id\":\"https:\\\/\\\/magicsecuritytintsandstereo.com\\\/#\\\/schema\\\/logo\\\/image\\\/\",\"url\":\"https:\\\/\\\/magicsecuritytintsandstereo.com\\\/wp-content\\\/uploads\\\/2025\\\/07\\\/magicSecurityLogo3-3.png\",\"contentUrl\":\"https:\\\/\\\/magicsecuritytintsandstereo.com\\\/wp-content\\\/uploads\\\/2025\\\/07\\\/magicSecurityLogo3-3.png\",\"width\":2000,\"height\":2000,\"caption\":\"Magic Car Security\"},\"image\":{\"@id\":\"https:\\\/\\\/magicsecuritytintsandstereo.com\\\/#\\\/schema\\\/logo\\\/image\\\/\"}}]}<\/script>\n<!-- \/ Yoast SEO plugin. -->","yoast_head_json":{"title":"About us - Magic Car Security","robots":{"index":"index","follow":"follow","max-snippet":"max-snippet:-1","max-image-preview":"max-image-preview:large","max-video-preview":"max-video-preview:-1"},"canonical":"https:\/\/magicsecuritytintsandstereo.com\/es\/about-us\/","og_locale":"es_ES","og_type":"article","og_title":"About us - Magic Car Security","og_description":"At Magic Security Inc, your vehicle\u2019s protection and style are our top priorities. Founded in South Florida with a passion for automotive excellence, we specialize in cutting-edge car alarm systems, custom stereo installations, and premium window tinting services. Whether you&#8217;re looking to secure your car, enhance your audio experience, or improve comfort and privacy, we\u2019ve [&hellip;]","og_url":"https:\/\/magicsecuritytintsandstereo.com\/es\/about-us\/","og_site_name":"Magic Car Security","article_modified_time":"2025-07-26T18:46:49+00:00","og_image":[{"width":1316,"height":797,"url":"https:\/\/magicsecuritytintsandstereo.com\/wp-content\/uploads\/2025\/07\/qtq80-0yU6Vh.jpeg","type":"image\/jpeg"}],"twitter_card":"summary_large_image","twitter_misc":{"Tiempo de lectura":"1 minuto"},"schema":{"@context":"https:\/\/schema.org","@graph":[{"@type":"WebPage","@id":"https:\/\/magicsecuritytintsandstereo.com\/about-us\/","url":"https:\/\/magicsecuritytintsandstereo.com\/about-us\/","name":"About us - Magic Car Security","isPartOf":{"@id":"https:\/\/magicsecuritytintsandstereo.com\/#website"},"primaryImageOfPage":{"@id":"https:\/\/magicsecuritytintsandstereo.com\/about-us\/#primaryimage"},"image":{"@id":"https:\/\/magicsecuritytintsandstereo.com\/about-us\/#primaryimage"},"thumbnailUrl":"https:\/\/magicsecuritytintsandstereo.com\/wp-content\/uploads\/2025\/07\/qtq80-0yU6Vh.jpeg","datePublished":"2025-07-24T17:14:07+00:00","dateModified":"2025-07-26T18:46:49+00:00","breadcrumb":{"@id":"https:\/\/magicsecuritytintsandstereo.com\/about-us\/#breadcrumb"},"inLanguage":"es","potentialAction":[{"@type":"ReadAction","target":["https:\/\/magicsecuritytintsandstereo.com\/about-us\/"]}]},{"@type":"ImageObject","inLanguage":"es","@id":"https:\/\/magicsecuritytintsandstereo.com\/about-us\/#primaryimage","url":"https:\/\/magicsecuritytintsandstereo.com\/wp-content\/uploads\/2025\/07\/qtq80-0yU6Vh.jpeg","contentUrl":"https:\/\/magicsecuritytintsandstereo.com\/wp-content\/uploads\/2025\/07\/qtq80-0yU6Vh.jpeg","width":1316,"height":797},{"@type":"BreadcrumbList","@id":"https:\/\/magicsecuritytintsandstereo.com\/about-us\/#breadcrumb","itemListElement":[{"@type":"ListItem","position":1,"name":"Home","item":"https:\/\/magicsecuritytintsandstereo.com\/"},{"@type":"ListItem","position":2,"name":"About us"}]},{"@type":"WebSite","@id":"https:\/\/magicsecuritytintsandstereo.com\/#website","url":"https:\/\/magicsecuritytintsandstereo.com\/","name":"Seguridad m\u00e1gica del coche","description":"Magic Car Security se refiere a sistemas avanzados de seguridad para veh\u00edculos que combinan caracter\u00edsticas como rastreo GPS, arranque remoto, sensores de impacto, inclinaci\u00f3n y rotura de vidrios, comunicaci\u00f3n bidireccional mediante controles remotos LCD o aplicaciones para tel\u00e9fonos inteligentes y entrada y armado sin llave para proteger contra robo y acceso no autorizado.","publisher":{"@id":"https:\/\/magicsecuritytintsandstereo.com\/#organization"},"potentialAction":[{"@type":"SearchAction","target":{"@type":"EntryPoint","urlTemplate":"https:\/\/magicsecuritytintsandstereo.com\/?s={search_term_string}"},"query-input":{"@type":"PropertyValueSpecification","valueRequired":true,"valueName":"search_term_string"}}],"inLanguage":"es"},{"@type":"Organization","@id":"https:\/\/magicsecuritytintsandstereo.com\/#organization","name":"Seguridad m\u00e1gica del coche","url":"https:\/\/magicsecuritytintsandstereo.com\/","logo":{"@type":"ImageObject","inLanguage":"es","@id":"https:\/\/magicsecuritytintsandstereo.com\/#\/schema\/logo\/image\/","url":"https:\/\/magicsecuritytintsandstereo.com\/wp-content\/uploads\/2025\/07\/magicSecurityLogo3-3.png","contentUrl":"https:\/\/magicsecuritytintsandstereo.com\/wp-content\/uploads\/2025\/07\/magicSecurityLogo3-3.png","width":2000,"height":2000,"caption":"Magic Car Security"},"image":{"@id":"https:\/\/magicsecuritytintsandstereo.com\/#\/schema\/logo\/image\/"}}]}},"_links":{"self":[{"href":"https:\/\/magicsecuritytintsandstereo.com\/es\/wp-json\/wp\/v2\/pages\/89","targetHints":{"allow":["GET"]}}],"collection":[{"href":"https:\/\/magicsecuritytintsandstereo.com\/es\/wp-json\/wp\/v2\/pages"}],"about":[{"href":"https:\/\/magicsecuritytintsandstereo.com\/es\/wp-json\/wp\/v2\/types\/page"}],"author":[{"embeddable":true,"href":"https:\/\/magicsecuritytintsandstereo.com\/es\/wp-json\/wp\/v2\/users\/1"}],"replies":[{"embeddable":true,"href":"https:\/\/magicsecuritytintsandstereo.com\/es\/wp-json\/wp\/v2\/comments?post=89"}],"version-history":[{"count":22,"href":"https:\/\/magicsecuritytintsandstereo.com\/es\/wp-json\/wp\/v2\/pages\/89\/revisions"}],"predecessor-version":[{"id":196,"href":"https:\/\/magicsecuritytintsandstereo.com\/es\/wp-json\/wp\/v2\/pages\/89\/revisions\/196"}],"wp:featuredmedia":[{"embeddable":true,"href":"https:\/\/magicsecuritytintsandstereo.com\/es\/wp-json\/wp\/v2\/media\/74"}],"wp:attachment":[{"href":"https:\/\/magicsecuritytintsandstereo.com\/es\/wp-json\/wp\/v2\/media?parent=89"}],"curies":[{"name":"wp","href":"https:\/\/api.w.org\/{rel}","templated":true}]}}