{"id":185,"date":"2025-07-26T17:22:07","date_gmt":"2025-07-26T17:22:07","guid":{"rendered":"https:\/\/magicsecuritytintsandstereo.com\/?post_type=product&#038;p=185"},"modified":"2025-07-26T17:22:56","modified_gmt":"2025-07-26T17:22:56","slug":"comando-speaker-yellow-copy","status":"publish","type":"product","link":"https:\/\/magicsecuritytintsandstereo.com\/es\/producto\/comando-speaker-yellow-copy\/","title":{"rendered":"Comando Speaker (Amarillo) (Copia)"},"content":{"rendered":"<p>RMS Power Handling 200 Watts<br \/>\nPeak Power Handling 400 Watts<br \/>\nNominal Diameter 172mm \/ 6.7&#8221;<br \/>\nNominal Impedance 4\u03a9<br \/>\nVoice C. Diameter 38.6mm \/ 1.5&#8221;<br \/>\nVoice C. Wire CCAW<br \/>\nMagnet Material Neodymium<br \/>\nFrequency Response 200-8KHz<br \/>\nSensitivity 100dB<br \/>\nMounting Depth 52mm \/ 2&#8221;<br \/>\nMounting Type BOLT ON<br \/>\nDiaphragm Material Paper<\/p>","protected":false},"excerpt":{"rendered":"<p>RMS Power Handling 200 Watts<br \/>\nPeak Power Handling 400 Watts<br \/>\nNominal Diameter 172mm \/ 6.7&#8221;<br \/>\nNominal Impedance 4\u03a9<br \/>\nVoice C. Diameter 38.6mm \/ 1.5&#8221;<br \/>\nVoice C. Wire CCAW<br \/>\nMagnet Material Neodymium<br \/>\nFrequency Response 200-8KHz<br \/>\nSensitivity 100dB<br \/>\nMounting Depth 52mm \/ 2&#8221;<br \/>\nMounting Type BOLT ON<br \/>\nDiaphragm Material Paper<\/p>","protected":false},"featured_media":177,"comment_status":"open","ping_status":"closed","template":"","meta":{"_coblocks_attr":"","_coblocks_dimensions":"","_coblocks_responsive_height":"","_coblocks_accordion_ie_support":""},"product_brand":[20],"product_cat":[19],"product_tag":[23,21,22],"class_list":{"0":"post-185","1":"product","2":"type-product","3":"status-publish","4":"has-post-thumbnail","6":"product_brand-comando","7":"product_cat-sound","8":"product_tag-audio","9":"product_tag-sound","10":"product_tag-speaker","12":"first","13":"instock","14":"shipping-taxable","15":"product-type-external"},"yoast_head":"<!-- This site is optimized with the Yoast SEO plugin v27.6 - https:\/\/yoast.com\/product\/yoast-seo-wordpress\/ -->\n<title>Comando Speaker (Yellow) (Copy) - Magic Car Security<\/title>\n<meta name=\"robots\" content=\"index, follow, max-snippet:-1, max-image-preview:large, max-video-preview:-1\" \/>\n<link rel=\"canonical\" href=\"https:\/\/magicsecuritytintsandstereo.com\/es\/producto\/comando-speaker-yellow-copy\/\" \/>\n<meta property=\"og:locale\" content=\"es_ES\" \/>\n<meta property=\"og:type\" content=\"article\" \/>\n<meta property=\"og:title\" content=\"Comando Speaker (Yellow) (Copy) - Magic Car Security\" \/>\n<meta property=\"og:description\" content=\"RMS Power Handling 200 Watts Peak Power Handling 400 Watts Nominal Diameter 172mm \/ 6.7&#039;&#039; Nominal Impedance 4\u03a9 Voice C. Diameter 38.6mm \/ 1.5&#039;&#039; Voice C. Wire CCAW Magnet Material Neodymium Frequency Response 200-8KHz Sensitivity 100dB Mounting Depth 52mm \/ 2&#039;&#039; Mounting Type BOLT ON Diaphragm Material Paper\" \/>\n<meta property=\"og:url\" content=\"https:\/\/magicsecuritytintsandstereo.com\/es\/producto\/comando-speaker-yellow-copy\/\" \/>\n<meta property=\"og:site_name\" content=\"Magic Car Security\" \/>\n<meta property=\"article:modified_time\" content=\"2025-07-26T17:22:56+00:00\" \/>\n<meta property=\"og:image\" content=\"https:\/\/magicsecuritytintsandstereo.com\/wp-content\/uploads\/2025\/07\/ComandoYelloSpeaker1.png\" \/>\n\t<meta property=\"og:image:width\" content=\"679\" \/>\n\t<meta property=\"og:image:height\" content=\"1710\" \/>\n\t<meta property=\"og:image:type\" content=\"image\/png\" \/>\n<meta name=\"twitter:card\" content=\"summary_large_image\" \/>\n<meta name=\"twitter:label1\" content=\"Tiempo de lectura\" \/>\n\t<meta name=\"twitter:data1\" content=\"1 minuto\" \/>\n<script type=\"application\/ld+json\" class=\"yoast-schema-graph\">{\"@context\":\"https:\\\/\\\/schema.org\",\"@graph\":[{\"@type\":\"WebPage\",\"@id\":\"https:\\\/\\\/magicsecuritytintsandstereo.com\\\/product\\\/comando-speaker-yellow-copy\\\/\",\"url\":\"https:\\\/\\\/magicsecuritytintsandstereo.com\\\/product\\\/comando-speaker-yellow-copy\\\/\",\"name\":\"Comando Speaker (Yellow) (Copy) - Magic Car Security\",\"isPartOf\":{\"@id\":\"https:\\\/\\\/magicsecuritytintsandstereo.com\\\/#website\"},\"primaryImageOfPage\":{\"@id\":\"https:\\\/\\\/magicsecuritytintsandstereo.com\\\/product\\\/comando-speaker-yellow-copy\\\/#primaryimage\"},\"image\":{\"@id\":\"https:\\\/\\\/magicsecuritytintsandstereo.com\\\/product\\\/comando-speaker-yellow-copy\\\/#primaryimage\"},\"thumbnailUrl\":\"https:\\\/\\\/magicsecuritytintsandstereo.com\\\/wp-content\\\/uploads\\\/2025\\\/07\\\/ComandoYelloSpeaker1.png\",\"datePublished\":\"2025-07-26T17:22:07+00:00\",\"dateModified\":\"2025-07-26T17:22:56+00:00\",\"breadcrumb\":{\"@id\":\"https:\\\/\\\/magicsecuritytintsandstereo.com\\\/product\\\/comando-speaker-yellow-copy\\\/#breadcrumb\"},\"inLanguage\":\"es\",\"potentialAction\":[{\"@type\":\"ReadAction\",\"target\":[\"https:\\\/\\\/magicsecuritytintsandstereo.com\\\/product\\\/comando-speaker-yellow-copy\\\/\"]}]},{\"@type\":\"ImageObject\",\"inLanguage\":\"es\",\"@id\":\"https:\\\/\\\/magicsecuritytintsandstereo.com\\\/product\\\/comando-speaker-yellow-copy\\\/#primaryimage\",\"url\":\"https:\\\/\\\/magicsecuritytintsandstereo.com\\\/wp-content\\\/uploads\\\/2025\\\/07\\\/ComandoYelloSpeaker1.png\",\"contentUrl\":\"https:\\\/\\\/magicsecuritytintsandstereo.com\\\/wp-content\\\/uploads\\\/2025\\\/07\\\/ComandoYelloSpeaker1.png\",\"width\":679,\"height\":1710},{\"@type\":\"BreadcrumbList\",\"@id\":\"https:\\\/\\\/magicsecuritytintsandstereo.com\\\/product\\\/comando-speaker-yellow-copy\\\/#breadcrumb\",\"itemListElement\":[{\"@type\":\"ListItem\",\"position\":1,\"name\":\"Home\",\"item\":\"https:\\\/\\\/magicsecuritytintsandstereo.com\\\/\"},{\"@type\":\"ListItem\",\"position\":2,\"name\":\"Shop\",\"item\":\"https:\\\/\\\/magicsecuritytintsandstereo.com\\\/shop\\\/\"},{\"@type\":\"ListItem\",\"position\":3,\"name\":\"Comando Speaker (Yellow) (Copy)\"}]},{\"@type\":\"WebSite\",\"@id\":\"https:\\\/\\\/magicsecuritytintsandstereo.com\\\/#website\",\"url\":\"https:\\\/\\\/magicsecuritytintsandstereo.com\\\/\",\"name\":\"Magic Car Security\",\"description\":\"Magic Car Security refers to advanced vehicle security systems that combine features like GPS tracking, remote start, shock\\\/tilt\\\/glass break sensors, two-way communication via LCD remotes or smartphone apps, and keyless entry\\\/arming to protect against theft and unauthorized access.\",\"publisher\":{\"@id\":\"https:\\\/\\\/magicsecuritytintsandstereo.com\\\/#organization\"},\"potentialAction\":[{\"@type\":\"SearchAction\",\"target\":{\"@type\":\"EntryPoint\",\"urlTemplate\":\"https:\\\/\\\/magicsecuritytintsandstereo.com\\\/?s={search_term_string}\"},\"query-input\":{\"@type\":\"PropertyValueSpecification\",\"valueRequired\":true,\"valueName\":\"search_term_string\"}}],\"inLanguage\":\"es\"},{\"@type\":\"Organization\",\"@id\":\"https:\\\/\\\/magicsecuritytintsandstereo.com\\\/#organization\",\"name\":\"Magic Car Security\",\"url\":\"https:\\\/\\\/magicsecuritytintsandstereo.com\\\/\",\"logo\":{\"@type\":\"ImageObject\",\"inLanguage\":\"es\",\"@id\":\"https:\\\/\\\/magicsecuritytintsandstereo.com\\\/#\\\/schema\\\/logo\\\/image\\\/\",\"url\":\"https:\\\/\\\/magicsecuritytintsandstereo.com\\\/wp-content\\\/uploads\\\/2025\\\/07\\\/magicSecurityLogo3-3.png\",\"contentUrl\":\"https:\\\/\\\/magicsecuritytintsandstereo.com\\\/wp-content\\\/uploads\\\/2025\\\/07\\\/magicSecurityLogo3-3.png\",\"width\":2000,\"height\":2000,\"caption\":\"Magic Car Security\"},\"image\":{\"@id\":\"https:\\\/\\\/magicsecuritytintsandstereo.com\\\/#\\\/schema\\\/logo\\\/image\\\/\"}}]}<\/script>\n<!-- \/ Yoast SEO plugin. -->","yoast_head_json":{"title":"Comando Speaker (Yellow) (Copy) - Magic Car Security","robots":{"index":"index","follow":"follow","max-snippet":"max-snippet:-1","max-image-preview":"max-image-preview:large","max-video-preview":"max-video-preview:-1"},"canonical":"https:\/\/magicsecuritytintsandstereo.com\/es\/producto\/comando-speaker-yellow-copy\/","og_locale":"es_ES","og_type":"article","og_title":"Comando Speaker (Yellow) (Copy) - Magic Car Security","og_description":"RMS Power Handling 200 Watts Peak Power Handling 400 Watts Nominal Diameter 172mm \/ 6.7'' Nominal Impedance 4\u03a9 Voice C. Diameter 38.6mm \/ 1.5'' Voice C. Wire CCAW Magnet Material Neodymium Frequency Response 200-8KHz Sensitivity 100dB Mounting Depth 52mm \/ 2'' Mounting Type BOLT ON Diaphragm Material Paper","og_url":"https:\/\/magicsecuritytintsandstereo.com\/es\/producto\/comando-speaker-yellow-copy\/","og_site_name":"Magic Car Security","article_modified_time":"2025-07-26T17:22:56+00:00","og_image":[{"width":679,"height":1710,"url":"https:\/\/magicsecuritytintsandstereo.com\/wp-content\/uploads\/2025\/07\/ComandoYelloSpeaker1.png","type":"image\/png"}],"twitter_card":"summary_large_image","twitter_misc":{"Tiempo de lectura":"1 minuto"},"schema":{"@context":"https:\/\/schema.org","@graph":[{"@type":"WebPage","@id":"https:\/\/magicsecuritytintsandstereo.com\/product\/comando-speaker-yellow-copy\/","url":"https:\/\/magicsecuritytintsandstereo.com\/product\/comando-speaker-yellow-copy\/","name":"Comando Speaker (Yellow) (Copy) - Magic Car Security","isPartOf":{"@id":"https:\/\/magicsecuritytintsandstereo.com\/#website"},"primaryImageOfPage":{"@id":"https:\/\/magicsecuritytintsandstereo.com\/product\/comando-speaker-yellow-copy\/#primaryimage"},"image":{"@id":"https:\/\/magicsecuritytintsandstereo.com\/product\/comando-speaker-yellow-copy\/#primaryimage"},"thumbnailUrl":"https:\/\/magicsecuritytintsandstereo.com\/wp-content\/uploads\/2025\/07\/ComandoYelloSpeaker1.png","datePublished":"2025-07-26T17:22:07+00:00","dateModified":"2025-07-26T17:22:56+00:00","breadcrumb":{"@id":"https:\/\/magicsecuritytintsandstereo.com\/product\/comando-speaker-yellow-copy\/#breadcrumb"},"inLanguage":"es","potentialAction":[{"@type":"ReadAction","target":["https:\/\/magicsecuritytintsandstereo.com\/product\/comando-speaker-yellow-copy\/"]}]},{"@type":"ImageObject","inLanguage":"es","@id":"https:\/\/magicsecuritytintsandstereo.com\/product\/comando-speaker-yellow-copy\/#primaryimage","url":"https:\/\/magicsecuritytintsandstereo.com\/wp-content\/uploads\/2025\/07\/ComandoYelloSpeaker1.png","contentUrl":"https:\/\/magicsecuritytintsandstereo.com\/wp-content\/uploads\/2025\/07\/ComandoYelloSpeaker1.png","width":679,"height":1710},{"@type":"BreadcrumbList","@id":"https:\/\/magicsecuritytintsandstereo.com\/product\/comando-speaker-yellow-copy\/#breadcrumb","itemListElement":[{"@type":"ListItem","position":1,"name":"Home","item":"https:\/\/magicsecuritytintsandstereo.com\/"},{"@type":"ListItem","position":2,"name":"Shop","item":"https:\/\/magicsecuritytintsandstereo.com\/shop\/"},{"@type":"ListItem","position":3,"name":"Comando Speaker (Yellow) (Copy)"}]},{"@type":"WebSite","@id":"https:\/\/magicsecuritytintsandstereo.com\/#website","url":"https:\/\/magicsecuritytintsandstereo.com\/","name":"Seguridad m\u00e1gica del coche","description":"Magic Car Security se refiere a sistemas avanzados de seguridad para veh\u00edculos que combinan caracter\u00edsticas como rastreo GPS, arranque remoto, sensores de impacto, inclinaci\u00f3n y rotura de vidrios, comunicaci\u00f3n bidireccional mediante controles remotos LCD o aplicaciones para tel\u00e9fonos inteligentes y entrada y armado sin llave para proteger contra robo y acceso no autorizado.","publisher":{"@id":"https:\/\/magicsecuritytintsandstereo.com\/#organization"},"potentialAction":[{"@type":"SearchAction","target":{"@type":"EntryPoint","urlTemplate":"https:\/\/magicsecuritytintsandstereo.com\/?s={search_term_string}"},"query-input":{"@type":"PropertyValueSpecification","valueRequired":true,"valueName":"search_term_string"}}],"inLanguage":"es"},{"@type":"Organization","@id":"https:\/\/magicsecuritytintsandstereo.com\/#organization","name":"Seguridad m\u00e1gica del coche","url":"https:\/\/magicsecuritytintsandstereo.com\/","logo":{"@type":"ImageObject","inLanguage":"es","@id":"https:\/\/magicsecuritytintsandstereo.com\/#\/schema\/logo\/image\/","url":"https:\/\/magicsecuritytintsandstereo.com\/wp-content\/uploads\/2025\/07\/magicSecurityLogo3-3.png","contentUrl":"https:\/\/magicsecuritytintsandstereo.com\/wp-content\/uploads\/2025\/07\/magicSecurityLogo3-3.png","width":2000,"height":2000,"caption":"Magic Car Security"},"image":{"@id":"https:\/\/magicsecuritytintsandstereo.com\/#\/schema\/logo\/image\/"}}]}},"_links":{"self":[{"href":"https:\/\/magicsecuritytintsandstereo.com\/es\/wp-json\/wp\/v2\/product\/185","targetHints":{"allow":["GET"]}}],"collection":[{"href":"https:\/\/magicsecuritytintsandstereo.com\/es\/wp-json\/wp\/v2\/product"}],"about":[{"href":"https:\/\/magicsecuritytintsandstereo.com\/es\/wp-json\/wp\/v2\/types\/product"}],"replies":[{"embeddable":true,"href":"https:\/\/magicsecuritytintsandstereo.com\/es\/wp-json\/wp\/v2\/comments?post=185"}],"wp:featuredmedia":[{"embeddable":true,"href":"https:\/\/magicsecuritytintsandstereo.com\/es\/wp-json\/wp\/v2\/media\/177"}],"wp:attachment":[{"href":"https:\/\/magicsecuritytintsandstereo.com\/es\/wp-json\/wp\/v2\/media?parent=185"}],"wp:term":[{"taxonomy":"product_brand","embeddable":true,"href":"https:\/\/magicsecuritytintsandstereo.com\/es\/wp-json\/wp\/v2\/product_brand?post=185"},{"taxonomy":"product_cat","embeddable":true,"href":"https:\/\/magicsecuritytintsandstereo.com\/es\/wp-json\/wp\/v2\/product_cat?post=185"},{"taxonomy":"product_tag","embeddable":true,"href":"https:\/\/magicsecuritytintsandstereo.com\/es\/wp-json\/wp\/v2\/product_tag?post=185"}],"curies":[{"name":"wp","href":"https:\/\/api.w.org\/{rel}","templated":true}]}}